{"id":8068,"date":"2024-09-29T14:12:12","date_gmt":"2024-09-29T06:12:12","guid":{"rendered":"https:\/\/demo.dillerbottle.com\/products\/cute-panda-coffee-mug-with-lid"},"modified":"2026-04-29T05:58:52","modified_gmt":"2026-04-28T21:58:52","slug":"coc-ca-phe-gau-truc-de-thuong-co-nap","status":"publish","type":"product","link":"https:\/\/www.dillerbottle.com\/vn\/products\/cute-panda-coffee-mug-with-lid","title":{"rendered":"C\u1ed1c c\u00e0 ph\u00ea h\u00ecnh g\u1ea5u tr\u00fac d\u1ec5 th\u01b0\u01a1ng c\u00f3 n\u1eafp"},"content":{"rendered":"<p>1. C\u1ed1c c\u00e0 ph\u00ea g\u1ea5u tr\u00fac d\u1ec5 th\u01b0\u01a1ng c\u00f3 n\u1eafp n\u00e0y \u0111\u01b0\u1ee3c l\u00e0m t\u1eeb th\u00e9p kh\u00f4ng g\u1ec9 304 hai l\u1edbp b\u1ec1n ch\u1eafc; \u0110\u01b0\u1ee3c c\u00e1ch nhi\u1ec7t ch\u00e2n kh\u00f4ng, c\u1ed1c c\u00e0 ph\u00ea c\u00e1ch nhi\u1ec7t c\u1ee7a ch\u00fang t\u00f4i c\u00f3 th\u1ec3 gi\u1eef \u0111\u1ed3 u\u1ed1ng n\u00f3ng ho\u1eb7c l\u1ea1nh t\u1edbi 6-12 gi\u1edd.<\/p>\n<p>2. N\u1eafp l\u1eadt ch\u1ed1ng tr\u00e0n \u0111\u01a1n gi\u1ea3n, an to\u00e0n v\u00e0 d\u1ec5 d\u00e0ng s\u1eed d\u1ee5ng b\u1eb1ng m\u1ed9t tay. Thi\u1ebft k\u1ebf th\u00e2n h\u1eb9p gi\u00fap d\u1ec5 d\u00e0ng c\u1ea7m v\u00e0 mang \u0111i, c\u0169ng ph\u00f9 h\u1ee3p v\u1edbi h\u1ea7u h\u1ebft c\u00e1c gi\u00e1 \u0111\u1ec3 c\u1ed1c v\u00e0 m\u00e1y pha c\u00e0 ph\u00ea tr\u00ean \u00f4 t\u00f4.<\/p>\n<p>3. \u0110\u1ebf silicon cung c\u1ea5p cho c\u1ed1c c\u00e0 ph\u00ea g\u1ea5u tr\u00fac d\u1ec5 th\u01b0\u01a1ng c\u00f3 n\u1eafp \u0111\u00e1y ch\u1ed1ng tr\u01b0\u1ee3t \u0111\u1ec3 ch\u1ed1ng tr\u01b0\u1ee3t. \u0110\u01b0\u1ee3c trang b\u1ecb d\u00e2y nylon c\u00f3 th\u1ec3 th\u00e1o r\u1eddi, b\u00ecnh n\u01b0\u1edbc thu\u1eadn ti\u1ec7n h\u01a1n khi mang theo khi ra ngo\u00e0i.<\/p>\n<p>4. H\u00ecnh \u1ea3nh ch\u00fa g\u1ea5u tr\u00fac d\u1ec5 th\u01b0\u01a1ng tr\u00ean th\u00e2n c\u1ed1c mang l\u1ea1i s\u1ef1 th\u00fa v\u1ecb v\u00e0 khi\u1ebfn vi\u1ec7c u\u1ed1ng n\u01b0\u1edbc tr\u1edf n\u00ean th\u00fa v\u1ecb h\u01a1n.<\/p>","protected":false},"excerpt":{"rendered":"<p>C\u1ed1c c\u00e0 ph\u00ea h\u00ecnh g\u1ea5u tr\u00fac d\u1ec5 th\u01b0\u01a1ng c\u00f3 n\u1eafp n\u00e0y \u0111\u01b0\u1ee3c l\u00e0m t\u1eeb th\u00e9p kh\u00f4ng g\u1ec9 b\u1ec1n v\u00e0 v\u1eadt li\u1ec7u an to\u00e0n th\u1ef1c ph\u1ea9m.<br \/>\nChi\u1ebfc c\u1ed1c n\u00e0y c\u00f3 th\u1ec3 gi\u1eef \u0111\u1ed3 u\u1ed1ng n\u00f3ng ho\u1eb7c l\u1ea1nh t\u1edbi 6 gi\u1edd.<br \/>\nN\u1eafp l\u1eadt ch\u1ed1ng tr\u00e0n \u0111\u01a1n gi\u1ea3n, an to\u00e0n v\u00e0 d\u1ec5 d\u00e0ng s\u1eed d\u1ee5ng b\u1eb1ng m\u1ed9t tay.<br \/>\nThi\u1ebft k\u1ebf th\u00e2n h\u1eb9p gi\u00fap b\u1ea1n d\u1ec5 d\u00e0ng c\u1ea7m n\u1eafm v\u00e0 mang \u0111i, ph\u00f9 h\u1ee3p v\u1edbi h\u1ea7u h\u1ebft c\u00e1c gi\u00e1 \u0111\u1ec3 c\u1ed1c v\u00e0 m\u00e1y pha c\u00e0 ph\u00ea tr\u00ean \u00f4 t\u00f4.<br \/>\nH\u00ecnh v\u1ebd g\u1ea5u tr\u00fac d\u1ec5 th\u01b0\u01a1ng tr\u00ean th\u00e2n c\u1ed1c mang l\u1ea1i s\u1ef1 th\u00fa v\u1ecb v\u00e0 khi\u1ebfn vi\u1ec7c u\u1ed1ng n\u01b0\u1edbc tr\u1edf n\u00ean th\u00fa v\u1ecb h\u01a1n.<br \/>\nCh\u1ea5p nh\u1eadn OEM v\u00e0 ODM.<br \/>\nCh\u00fang t\u00f4i c\u00f3 th\u1ec3 t\u00f9y ch\u1ec9nh c\u1ed1c c\u00e0 ph\u00ea theo y\u00eau c\u1ea7u c\u1ee7a b\u1ea1n.<br \/>\nCh\u00e0o m\u1eebng b\u1ea1n \u0111\u1ebfn mua s\u1ec9, h\u00e3y g\u1eedi y\u00eau c\u1ea7u ngay!<\/p>","protected":false},"featured_media":12449,"comment_status":"open","ping_status":"closed","template":"","meta":{"_acf_changed":false},"product_brand":[],"product_cat":[18],"product_tag":[716],"class_list":{"0":"post-8068","1":"product","2":"type-product","3":"status-publish","4":"has-post-thumbnail","6":"product_cat-insulated-water-bottle","7":"product_tag-cute-panda-coffee-mug-with-lid","9":"first","10":"instock","11":"featured","12":"shipping-taxable","13":"product-type-simple"},"acf":[],"yoast_head":"<!-- This site is optimized with the Yoast SEO Premium plugin v27.4 (Yoast SEO v27.4) - https:\/\/yoast.com\/product\/yoast-seo-premium-wordpress\/ -->\n<title>Cute Panda Coffee Mug With Lid - Diller Water Bottle Manufacturer<\/title>\n<meta name=\"description\" content=\"As one of the best cute panda coffee mug with lid manufacturers and suppliers, we are engaged in manufacturing good quality water bottles. We warmly welcome you to wholesale or buy custom made cute panda coffee mug with lid at competitive price from us. Also, small quantity orders are acceptable.\" \/>\n<meta name=\"robots\" content=\"index, follow, max-snippet:-1, max-image-preview:large, max-video-preview:-1\" \/>\n<link rel=\"canonical\" href=\"https:\/\/www.dillerbottle.com\/vn\/cac-san-pham\/coc-ca-phe-gau-truc-de-thuong-co-nap\" \/>\n<meta property=\"og:locale\" content=\"vi_VN\" \/>\n<meta property=\"og:type\" content=\"article\" \/>\n<meta property=\"og:title\" content=\"Cute Panda Coffee Mug With Lid\" \/>\n<meta property=\"og:description\" content=\"As one of the best cute panda coffee mug with lid manufacturers and suppliers, we are engaged in manufacturing good quality water bottles. We warmly welcome you to wholesale or buy custom made cute panda coffee mug with lid at competitive price from us. Also, small quantity orders are acceptable.\" \/>\n<meta property=\"og:url\" content=\"https:\/\/www.dillerbottle.com\/vn\/cac-san-pham\/coc-ca-phe-gau-truc-de-thuong-co-nap\" \/>\n<meta property=\"og:site_name\" content=\"Diller Water Bottle Manufacturer\" \/>\n<meta property=\"article:modified_time\" content=\"2026-04-28T21:58:52+00:00\" \/>\n<meta property=\"og:image\" content=\"https:\/\/www.dillerbottle.com\/wp-content\/uploads\/2024\/09\/\u767d\u5e95_MLH9145_1.png\" \/>\n\t<meta property=\"og:image:width\" content=\"800\" \/>\n\t<meta property=\"og:image:height\" content=\"800\" \/>\n\t<meta property=\"og:image:type\" content=\"image\/png\" \/>\n<meta name=\"twitter:card\" content=\"summary_large_image\" \/>\n<meta name=\"twitter:label1\" content=\"\u01af\u1edbc t\u00ednh th\u1eddi gian \u0111\u1ecdc\" \/>\n\t<meta name=\"twitter:data1\" content=\"5 ph\u00fat\" \/>\n<script type=\"application\/ld+json\" class=\"yoast-schema-graph\">{\"@context\":\"https:\\\/\\\/schema.org\",\"@graph\":[{\"@type\":\"WebPage\",\"@id\":\"https:\\\/\\\/www.dillerbottle.com\\\/products\\\/cute-panda-coffee-mug-with-lid\",\"url\":\"https:\\\/\\\/www.dillerbottle.com\\\/products\\\/cute-panda-coffee-mug-with-lid\",\"name\":\"Cute Panda Coffee Mug With Lid - Diller Water Bottle Manufacturer\",\"isPartOf\":{\"@id\":\"https:\\\/\\\/www.dillerbottle.com\\\/#website\"},\"primaryImageOfPage\":{\"@id\":\"https:\\\/\\\/www.dillerbottle.com\\\/products\\\/cute-panda-coffee-mug-with-lid#primaryimage\"},\"image\":{\"@id\":\"https:\\\/\\\/www.dillerbottle.com\\\/products\\\/cute-panda-coffee-mug-with-lid#primaryimage\"},\"thumbnailUrl\":\"https:\\\/\\\/www.dillerbottle.com\\\/wp-content\\\/uploads\\\/2024\\\/09\\\/\u767d\u5e95_MLH9145_1.png\",\"datePublished\":\"2024-09-29T06:12:12+00:00\",\"dateModified\":\"2026-04-28T21:58:52+00:00\",\"description\":\"As one of the best cute panda coffee mug with lid manufacturers and suppliers, we are engaged in manufacturing good quality water bottles. We warmly welcome you to wholesale or buy custom made cute panda coffee mug with lid at competitive price from us. Also, small quantity orders are acceptable.\",\"breadcrumb\":{\"@id\":\"https:\\\/\\\/www.dillerbottle.com\\\/products\\\/cute-panda-coffee-mug-with-lid#breadcrumb\"},\"inLanguage\":\"vi\",\"potentialAction\":[{\"@type\":\"ReadAction\",\"target\":[\"https:\\\/\\\/www.dillerbottle.com\\\/products\\\/cute-panda-coffee-mug-with-lid\"]}]},{\"@type\":\"ImageObject\",\"inLanguage\":\"vi\",\"@id\":\"https:\\\/\\\/www.dillerbottle.com\\\/products\\\/cute-panda-coffee-mug-with-lid#primaryimage\",\"url\":\"https:\\\/\\\/www.dillerbottle.com\\\/wp-content\\\/uploads\\\/2024\\\/09\\\/\u767d\u5e95_MLH9145_1.png\",\"contentUrl\":\"https:\\\/\\\/www.dillerbottle.com\\\/wp-content\\\/uploads\\\/2024\\\/09\\\/\u767d\u5e95_MLH9145_1.png\",\"width\":800,\"height\":800},{\"@type\":\"BreadcrumbList\",\"@id\":\"https:\\\/\\\/www.dillerbottle.com\\\/products\\\/cute-panda-coffee-mug-with-lid#breadcrumb\",\"itemListElement\":[{\"@type\":\"ListItem\",\"position\":1,\"name\":\"Home\",\"item\":\"https:\\\/\\\/www.dillerbottle.com\\\/\"},{\"@type\":\"ListItem\",\"position\":2,\"name\":\"Products\",\"item\":\"https:\\\/\\\/www.dillerbottle.com\\\/shop\"},{\"@type\":\"ListItem\",\"position\":3,\"name\":\"Cute Panda Coffee Mug With Lid\"}]},{\"@type\":\"WebSite\",\"@id\":\"https:\\\/\\\/www.dillerbottle.com\\\/#website\",\"url\":\"https:\\\/\\\/www.dillerbottle.com\\\/\",\"name\":\"Diller Water Bottle Manufacturer\",\"description\":\"Water Bottle Manufacturer\",\"publisher\":{\"@id\":\"https:\\\/\\\/www.dillerbottle.com\\\/#organization\"},\"potentialAction\":[{\"@type\":\"SearchAction\",\"target\":{\"@type\":\"EntryPoint\",\"urlTemplate\":\"https:\\\/\\\/www.dillerbottle.com\\\/?s={search_term_string}\"},\"query-input\":{\"@type\":\"PropertyValueSpecification\",\"valueRequired\":true,\"valueName\":\"search_term_string\"}}],\"inLanguage\":\"vi\"},{\"@type\":\"Organization\",\"@id\":\"https:\\\/\\\/www.dillerbottle.com\\\/#organization\",\"name\":\"Diller Water Bottle Manufacturer\",\"url\":\"https:\\\/\\\/www.dillerbottle.com\\\/\",\"logo\":{\"@type\":\"ImageObject\",\"inLanguage\":\"vi\",\"@id\":\"https:\\\/\\\/www.dillerbottle.com\\\/#\\\/schema\\\/logo\\\/image\\\/\",\"url\":\"https:\\\/\\\/www.dillerbottle.com\\\/wp-content\\\/uploads\\\/2024\\\/09\\\/49918bfa848dcc1e9f8b509933603ac.png\",\"contentUrl\":\"https:\\\/\\\/www.dillerbottle.com\\\/wp-content\\\/uploads\\\/2024\\\/09\\\/49918bfa848dcc1e9f8b509933603ac.png\",\"width\":988,\"height\":198,\"caption\":\"Diller Water Bottle Manufacturer\"},\"image\":{\"@id\":\"https:\\\/\\\/www.dillerbottle.com\\\/#\\\/schema\\\/logo\\\/image\\\/\"}}]}<\/script>\n<!-- \/ Yoast SEO Premium plugin. -->","yoast_head_json":{"title":"C\u1ed1c c\u00e0 ph\u00ea g\u1ea5u tr\u00fac d\u1ec5 th\u01b0\u01a1ng c\u00f3 n\u1eafp - Nh\u00e0 s\u1ea3n xu\u1ea5t b\u00ecnh n\u01b0\u1edbc Diller","description":"L\u00e0 m\u1ed9t trong nh\u1eefng nh\u00e0 s\u1ea3n xu\u1ea5t v\u00e0 cung c\u1ea5p c\u1ed1c c\u00e0 ph\u00ea g\u1ea5u tr\u00fac d\u1ec5 th\u01b0\u01a1ng c\u00f3 n\u1eafp t\u1ed1t nh\u1ea5t, ch\u00fang t\u00f4i tham gia s\u1ea3n xu\u1ea5t b\u00ecnh \u0111\u1ef1ng n\u01b0\u1edbc ch\u1ea5t l\u01b0\u1ee3ng t\u1ed1t. Ch\u00fang t\u00f4i n\u1ed3ng nhi\u1ec7t ch\u00e0o \u0111\u00f3n b\u1ea1n \u0111\u1ebfn b\u00e1n bu\u00f4n ho\u1eb7c mua c\u1ed1c c\u00e0 ph\u00ea g\u1ea5u tr\u00fac d\u1ec5 th\u01b0\u01a1ng c\u00f3 n\u1eafp t\u00f9y ch\u1ec9nh v\u1edbi gi\u00e1 c\u1ea1nh tranh t\u1eeb ch\u00fang t\u00f4i. Ngo\u00e0i ra, ch\u00fang t\u00f4i c\u0169ng ch\u1ea5p nh\u1eadn \u0111\u01a1n \u0111\u1eb7t h\u00e0ng s\u1ed1 l\u01b0\u1ee3ng nh\u1ecf.","robots":{"index":"index","follow":"follow","max-snippet":"max-snippet:-1","max-image-preview":"max-image-preview:large","max-video-preview":"max-video-preview:-1"},"canonical":"https:\/\/www.dillerbottle.com\/vn\/cac-san-pham\/coc-ca-phe-gau-truc-de-thuong-co-nap","og_locale":"vi_VN","og_type":"article","og_title":"Cute Panda Coffee Mug With Lid","og_description":"As one of the best cute panda coffee mug with lid manufacturers and suppliers, we are engaged in manufacturing good quality water bottles. We warmly welcome you to wholesale or buy custom made cute panda coffee mug with lid at competitive price from us. Also, small quantity orders are acceptable.","og_url":"https:\/\/www.dillerbottle.com\/vn\/cac-san-pham\/coc-ca-phe-gau-truc-de-thuong-co-nap","og_site_name":"Diller Water Bottle Manufacturer","article_modified_time":"2026-04-28T21:58:52+00:00","og_image":[{"width":800,"height":800,"url":"https:\/\/www.dillerbottle.com\/wp-content\/uploads\/2024\/09\/\u767d\u5e95_MLH9145_1.png","type":"image\/png"}],"twitter_card":"summary_large_image","twitter_misc":{"\u01af\u1edbc t\u00ednh th\u1eddi gian \u0111\u1ecdc":"5 ph\u00fat"},"schema":{"@context":"https:\/\/schema.org","@graph":[{"@type":"WebPage","@id":"https:\/\/www.dillerbottle.com\/products\/cute-panda-coffee-mug-with-lid","url":"https:\/\/www.dillerbottle.com\/products\/cute-panda-coffee-mug-with-lid","name":"C\u1ed1c c\u00e0 ph\u00ea g\u1ea5u tr\u00fac d\u1ec5 th\u01b0\u01a1ng c\u00f3 n\u1eafp - Nh\u00e0 s\u1ea3n xu\u1ea5t b\u00ecnh n\u01b0\u1edbc Diller","isPartOf":{"@id":"https:\/\/www.dillerbottle.com\/#website"},"primaryImageOfPage":{"@id":"https:\/\/www.dillerbottle.com\/products\/cute-panda-coffee-mug-with-lid#primaryimage"},"image":{"@id":"https:\/\/www.dillerbottle.com\/products\/cute-panda-coffee-mug-with-lid#primaryimage"},"thumbnailUrl":"https:\/\/www.dillerbottle.com\/wp-content\/uploads\/2024\/09\/\u767d\u5e95_MLH9145_1.png","datePublished":"2024-09-29T06:12:12+00:00","dateModified":"2026-04-28T21:58:52+00:00","description":"L\u00e0 m\u1ed9t trong nh\u1eefng nh\u00e0 s\u1ea3n xu\u1ea5t v\u00e0 cung c\u1ea5p c\u1ed1c c\u00e0 ph\u00ea g\u1ea5u tr\u00fac d\u1ec5 th\u01b0\u01a1ng c\u00f3 n\u1eafp t\u1ed1t nh\u1ea5t, ch\u00fang t\u00f4i tham gia s\u1ea3n xu\u1ea5t b\u00ecnh \u0111\u1ef1ng n\u01b0\u1edbc ch\u1ea5t l\u01b0\u1ee3ng t\u1ed1t. Ch\u00fang t\u00f4i n\u1ed3ng nhi\u1ec7t ch\u00e0o \u0111\u00f3n b\u1ea1n \u0111\u1ebfn b\u00e1n bu\u00f4n ho\u1eb7c mua c\u1ed1c c\u00e0 ph\u00ea g\u1ea5u tr\u00fac d\u1ec5 th\u01b0\u01a1ng c\u00f3 n\u1eafp t\u00f9y ch\u1ec9nh v\u1edbi gi\u00e1 c\u1ea1nh tranh t\u1eeb ch\u00fang t\u00f4i. Ngo\u00e0i ra, ch\u00fang t\u00f4i c\u0169ng ch\u1ea5p nh\u1eadn \u0111\u01a1n \u0111\u1eb7t h\u00e0ng s\u1ed1 l\u01b0\u1ee3ng nh\u1ecf.","breadcrumb":{"@id":"https:\/\/www.dillerbottle.com\/products\/cute-panda-coffee-mug-with-lid#breadcrumb"},"inLanguage":"vi","potentialAction":[{"@type":"ReadAction","target":["https:\/\/www.dillerbottle.com\/products\/cute-panda-coffee-mug-with-lid"]}]},{"@type":"ImageObject","inLanguage":"vi","@id":"https:\/\/www.dillerbottle.com\/products\/cute-panda-coffee-mug-with-lid#primaryimage","url":"https:\/\/www.dillerbottle.com\/wp-content\/uploads\/2024\/09\/\u767d\u5e95_MLH9145_1.png","contentUrl":"https:\/\/www.dillerbottle.com\/wp-content\/uploads\/2024\/09\/\u767d\u5e95_MLH9145_1.png","width":800,"height":800},{"@type":"BreadcrumbList","@id":"https:\/\/www.dillerbottle.com\/products\/cute-panda-coffee-mug-with-lid#breadcrumb","itemListElement":[{"@type":"ListItem","position":1,"name":"Home","item":"https:\/\/www.dillerbottle.com\/"},{"@type":"ListItem","position":2,"name":"Products","item":"https:\/\/www.dillerbottle.com\/shop"},{"@type":"ListItem","position":3,"name":"Cute Panda Coffee Mug With Lid"}]},{"@type":"WebSite","@id":"https:\/\/www.dillerbottle.com\/#website","url":"https:\/\/www.dillerbottle.com\/","name":"Nh\u00e0 s\u1ea3n xu\u1ea5t b\u00ecnh n\u01b0\u1edbc Diller","description":"Nh\u00e0 s\u1ea3n xu\u1ea5t b\u00ecnh n\u01b0\u1edbc","publisher":{"@id":"https:\/\/www.dillerbottle.com\/#organization"},"potentialAction":[{"@type":"SearchAction","target":{"@type":"EntryPoint","urlTemplate":"https:\/\/www.dillerbottle.com\/?s={search_term_string}"},"query-input":{"@type":"PropertyValueSpecification","valueRequired":true,"valueName":"search_term_string"}}],"inLanguage":"vi"},{"@type":"Organization","@id":"https:\/\/www.dillerbottle.com\/#organization","name":"Nh\u00e0 s\u1ea3n xu\u1ea5t b\u00ecnh n\u01b0\u1edbc Diller","url":"https:\/\/www.dillerbottle.com\/","logo":{"@type":"ImageObject","inLanguage":"vi","@id":"https:\/\/www.dillerbottle.com\/#\/schema\/logo\/image\/","url":"https:\/\/www.dillerbottle.com\/wp-content\/uploads\/2024\/09\/49918bfa848dcc1e9f8b509933603ac.png","contentUrl":"https:\/\/www.dillerbottle.com\/wp-content\/uploads\/2024\/09\/49918bfa848dcc1e9f8b509933603ac.png","width":988,"height":198,"caption":"Diller Water Bottle Manufacturer"},"image":{"@id":"https:\/\/www.dillerbottle.com\/#\/schema\/logo\/image\/"}}]}},"_links":{"self":[{"href":"https:\/\/www.dillerbottle.com\/vn\/wp-json\/wp\/v2\/product\/8068","targetHints":{"allow":["GET"]}}],"collection":[{"href":"https:\/\/www.dillerbottle.com\/vn\/wp-json\/wp\/v2\/product"}],"about":[{"href":"https:\/\/www.dillerbottle.com\/vn\/wp-json\/wp\/v2\/types\/product"}],"replies":[{"embeddable":true,"href":"https:\/\/www.dillerbottle.com\/vn\/wp-json\/wp\/v2\/comments?post=8068"}],"wp:featuredmedia":[{"embeddable":true,"href":"https:\/\/www.dillerbottle.com\/vn\/wp-json\/wp\/v2\/media\/12449"}],"wp:attachment":[{"href":"https:\/\/www.dillerbottle.com\/vn\/wp-json\/wp\/v2\/media?parent=8068"}],"wp:term":[{"taxonomy":"product_brand","embeddable":true,"href":"https:\/\/www.dillerbottle.com\/vn\/wp-json\/wp\/v2\/product_brand?post=8068"},{"taxonomy":"product_cat","embeddable":true,"href":"https:\/\/www.dillerbottle.com\/vn\/wp-json\/wp\/v2\/product_cat?post=8068"},{"taxonomy":"product_tag","embeddable":true,"href":"https:\/\/www.dillerbottle.com\/vn\/wp-json\/wp\/v2\/product_tag?post=8068"}],"curies":[{"name":"wp","href":"https:\/\/api.w.org\/{rel}","templated":true}]}}