{"id":8272,"date":"2024-09-29T14:15:04","date_gmt":"2024-09-29T06:15:04","guid":{"rendered":"https:\/\/demo.dillerbottle.com\/products\/lovely-panda-insulated-coffee-mug"},"modified":"2025-07-09T16:18:23","modified_gmt":"2025-07-09T08:18:23","slug":"coc-ca-phe-cach-nhiet-hinh-gau-truc-dang-yeu","status":"publish","type":"product","link":"https:\/\/www.dillerbottle.com\/vn\/products\/lovely-panda-insulated-coffee-mug","title":{"rendered":"C\u1ed1c c\u00e0 ph\u00ea c\u00e1ch nhi\u1ec7t h\u00ecnh g\u1ea5u tr\u00fac \u0111\u00e1ng y\u00eau"},"content":{"rendered":"<p>1. \u0110\u01b0\u1ee3c l\u00e0m b\u1eb1ng th\u00e9p kh\u00f4ng g\u1ec9 c\u00e1ch nhi\u1ec7t ch\u00e2n kh\u00f4ng hai l\u1edbp 316, c\u00e1ch nhi\u1ec7t ch\u00e2n kh\u00f4ng hai l\u1edbp gi\u1eef n\u00f3ng t\u1edbi 6 gi\u1edd v\u00e0 gi\u1eef l\u1ea1nh t\u1edbi 12 gi\u1edd.<\/p>\n<p>2. \u0110\u01b0\u1ee3c trang b\u1ecb b\u1ed9 l\u1ecdc tr\u00e0 b\u1eb1ng th\u00e9p kh\u00f4ng g\u1ec9 c\u00f3 th\u1ec3 th\u00e1o r\u1eddi, c\u00f3 th\u1ec3 d\u00f9ng \u0111\u1ec3 pha tr\u00e0 ho\u1eb7c c\u00e0 ph\u00ea.<\/p>\n<p>3. Thi\u1ebft k\u1ebf tay c\u1ea7m c\u1ee7a th\u00e2n c\u1ed1c cho ph\u00e9p ng\u01b0\u1eddi d\u00f9ng d\u1ec5 d\u00e0ng c\u1ea7m c\u1ed1c v\u00e0 c\u00f2n c\u00f3 th\u1ec3 nh\u00ecn th\u1ea5y h\u1ecda ti\u1ebft g\u1ea5u tr\u00fac d\u1ec5 th\u01b0\u01a1ng.<\/p>\n<p>4. V\u1edbi tay c\u1ea7m r\u1ed9ng, tho\u1ea3i m\u00e1i, kh\u00f4ng tr\u01a1n tr\u01b0\u1ee3t v\u00e0 l\u1edbp s\u01a1n ph\u1ee7 m\u1edd b\u1ec1n ch\u1eafc, thi\u1ebft k\u1ebf ch\u1ed1ng \u0111\u1ed5 m\u1ed3 h\u00f4i, c\u1ed1c th\u00e9p kh\u00f4ng g\u1ec9 d\u1ec5 c\u1ea7m v\u00e0 gi\u1eef cho ng\u00f3n tay kh\u00f4 r\u00e1o, kh\u00f4ng b\u1ecb t\u00ea c\u00f3ng.<\/p>","protected":false},"excerpt":{"rendered":"<p>C\u1ed1c c\u00e0 ph\u00ea du l\u1ecbch c\u00e1ch nhi\u1ec7t di \u0111\u1ed9ng n\u00e0y \u0111\u01b0\u1ee3c l\u00e0m t\u1eeb th\u00e9p kh\u00f4ng g\u1ec9 316 b\u1ec1n v\u00e0 v\u1eadt li\u1ec7u an to\u00e0n th\u1ef1c ph\u1ea9m.<br \/>\nChi\u1ebfc c\u1ed1c n\u00e0y c\u00f3 th\u1ec3 gi\u1eef \u0111\u1ed3 u\u1ed1ng n\u00f3ng ho\u1eb7c l\u1ea1nh t\u1edbi 6 gi\u1edd.<br \/>\nThi\u1ebft k\u1ebf tay c\u1ea7m c\u1ee7a th\u00e2n c\u1ed1c cho ph\u00e9p ng\u01b0\u1eddi d\u00f9ng d\u1ec5 d\u00e0ng c\u1ea7m c\u1ed1c v\u00e0 c\u00f2n c\u00f3 th\u1ec3 nh\u00ecn th\u1ea5y h\u1ecda ti\u1ebft g\u1ea5u tr\u00fac d\u1ec5 th\u01b0\u01a1ng.<br \/>\n\u0110\u01b0\u1ee3c trang b\u1ecb b\u1ed9 l\u1ecdc tr\u00e0 b\u1eb1ng th\u00e9p kh\u00f4ng g\u1ec9 c\u00f3 th\u1ec3 th\u00e1o r\u1eddi, c\u00f3 th\u1ec3 d\u00f9ng \u0111\u1ec3 pha tr\u00e0 ho\u1eb7c c\u00e0 ph\u00ea.<br \/>\nCh\u1ea5p nh\u1eadn OEM v\u00e0 ODM.<br \/>\nCh\u00fang t\u00f4i c\u00f3 th\u1ec3 t\u00f9y ch\u1ec9nh c\u1ed1c c\u00e0 ph\u00ea theo y\u00eau c\u1ea7u c\u1ee7a b\u1ea1n.<br \/>\nCh\u00e0o m\u1eebng b\u1ea1n \u0111\u1ebfn mua s\u1ec9, h\u00e3y g\u1eedi y\u00eau c\u1ea7u ngay!<\/p>","protected":false},"featured_media":8273,"comment_status":"open","ping_status":"closed","template":"","meta":{"_acf_changed":false},"product_brand":[],"product_cat":[18],"product_tag":[721,32,36,33,31,39,561,38,740,29,37,34,35,681,28,742,552,741,30],"class_list":{"0":"post-8272","1":"product","2":"type-product","3":"status-publish","4":"has-post-thumbnail","6":"product_cat-insulated-water-bottle","7":"product_tag-500ml-water-bottle-with-straw","8":"product_tag-best","9":"product_tag-bulk","10":"product_tag-buy","11":"product_tag-custom","12":"product_tag-for-sale","13":"product_tag-frosted-water-bottles","14":"product_tag-good-quality","15":"product_tag-lovely-panda-insulated-coffee-mug","16":"product_tag-manufacturers","17":"product_tag-manufacturing","18":"product_tag-price","19":"product_tag-small","20":"product_tag-stainless-steel-vacuum-insulated-water-bottle","21":"product_tag-suppliers","22":"product_tag-unique-water-bottle","23":"product_tag-water-bottle-insulated-sports-bottles-with-handle","24":"product_tag-water-bottles-wholesale","25":"product_tag-wholesale","27":"first","28":"instock","29":"shipping-taxable","30":"product-type-simple"},"acf":[],"yoast_head":"<!-- This site is optimized with the Yoast SEO Premium plugin v27.5 (Yoast SEO v27.5) - https:\/\/yoast.com\/product\/yoast-seo-premium-wordpress\/ -->\n<title>Lovely Panda Insulated Coffee Mug - Diller Water Bottle Manufacturer<\/title>\n<meta name=\"description\" content=\"As one of the best lovely panda insulated coffee mug manufacturers and suppliers, we are engaged in manufacturing good quality water bottles. We warmly welcome you to wholesale or buy custom made lovely panda insulated coffee mug at competitive price from us. Also, small quantity orders are acceptable.\" \/>\n<meta name=\"robots\" content=\"index, follow, max-snippet:-1, max-image-preview:large, max-video-preview:-1\" \/>\n<link rel=\"canonical\" href=\"https:\/\/www.dillerbottle.com\/vn\/cac-san-pham\/coc-ca-phe-cach-nhiet-hinh-gau-truc-dang-yeu\" \/>\n<meta property=\"og:locale\" content=\"vi_VN\" \/>\n<meta property=\"og:type\" content=\"article\" \/>\n<meta property=\"og:title\" content=\"Lovely Panda Insulated Coffee Mug\" \/>\n<meta property=\"og:description\" content=\"As one of the best lovely panda insulated coffee mug manufacturers and suppliers, we are engaged in manufacturing good quality water bottles. We warmly welcome you to wholesale or buy custom made lovely panda insulated coffee mug at competitive price from us. Also, small quantity orders are acceptable.\" \/>\n<meta property=\"og:url\" content=\"https:\/\/www.dillerbottle.com\/vn\/cac-san-pham\/coc-ca-phe-cach-nhiet-hinh-gau-truc-dang-yeu\" \/>\n<meta property=\"og:site_name\" content=\"Diller Water Bottle Manufacturer\" \/>\n<meta property=\"article:modified_time\" content=\"2025-07-09T08:18:23+00:00\" \/>\n<meta property=\"og:image\" content=\"https:\/\/www.dillerbottle.com\/wp-content\/uploads\/2024\/09\/lovely-panda-insulated-coffee-mug866eed79-1275-4c66-8b8b-72dfe72bc03a.jpg\" \/>\n\t<meta property=\"og:image:width\" content=\"800\" \/>\n\t<meta property=\"og:image:height\" content=\"800\" \/>\n\t<meta property=\"og:image:type\" content=\"image\/jpeg\" \/>\n<meta name=\"twitter:card\" content=\"summary_large_image\" \/>\n<meta name=\"twitter:label1\" content=\"\u01af\u1edbc t\u00ednh th\u1eddi gian \u0111\u1ecdc\" \/>\n\t<meta name=\"twitter:data1\" content=\"5 ph\u00fat\" \/>\n<script type=\"application\/ld+json\" class=\"yoast-schema-graph\">{\"@context\":\"https:\\\/\\\/schema.org\",\"@graph\":[{\"@type\":\"WebPage\",\"@id\":\"https:\\\/\\\/www.dillerbottle.com\\\/th\\\/%e0%b8%aa%e0%b8%b4%e0%b8%99%e0%b8%84%e0%b9%89%e0%b8%b2\\\/%e0%b9%81%e0%b8%81%e0%b9%89%e0%b8%a7%e0%b8%81%e0%b8%b2%e0%b9%81%e0%b8%9f%e0%b9%80%e0%b8%81%e0%b9%87%e0%b8%9a%e0%b8%84%e0%b8%a7%e0%b8%b2%e0%b8%a1%e0%b9%80%e0%b8%a2%e0%b9%87%e0%b8%99%e0%b8%a5%e0%b8%b2\",\"url\":\"https:\\\/\\\/www.dillerbottle.com\\\/th\\\/%e0%b8%aa%e0%b8%b4%e0%b8%99%e0%b8%84%e0%b9%89%e0%b8%b2\\\/%e0%b9%81%e0%b8%81%e0%b9%89%e0%b8%a7%e0%b8%81%e0%b8%b2%e0%b9%81%e0%b8%9f%e0%b9%80%e0%b8%81%e0%b9%87%e0%b8%9a%e0%b8%84%e0%b8%a7%e0%b8%b2%e0%b8%a1%e0%b9%80%e0%b8%a2%e0%b9%87%e0%b8%99%e0%b8%a5%e0%b8%b2\",\"name\":\"Lovely Panda Insulated Coffee Mug - Diller Water Bottle Manufacturer\",\"isPartOf\":{\"@id\":\"https:\\\/\\\/www.dillerbottle.com\\\/#website\"},\"primaryImageOfPage\":{\"@id\":\"https:\\\/\\\/www.dillerbottle.com\\\/th\\\/%e0%b8%aa%e0%b8%b4%e0%b8%99%e0%b8%84%e0%b9%89%e0%b8%b2\\\/%e0%b9%81%e0%b8%81%e0%b9%89%e0%b8%a7%e0%b8%81%e0%b8%b2%e0%b9%81%e0%b8%9f%e0%b9%80%e0%b8%81%e0%b9%87%e0%b8%9a%e0%b8%84%e0%b8%a7%e0%b8%b2%e0%b8%a1%e0%b9%80%e0%b8%a2%e0%b9%87%e0%b8%99%e0%b8%a5%e0%b8%b2#primaryimage\"},\"image\":{\"@id\":\"https:\\\/\\\/www.dillerbottle.com\\\/th\\\/%e0%b8%aa%e0%b8%b4%e0%b8%99%e0%b8%84%e0%b9%89%e0%b8%b2\\\/%e0%b9%81%e0%b8%81%e0%b9%89%e0%b8%a7%e0%b8%81%e0%b8%b2%e0%b9%81%e0%b8%9f%e0%b9%80%e0%b8%81%e0%b9%87%e0%b8%9a%e0%b8%84%e0%b8%a7%e0%b8%b2%e0%b8%a1%e0%b9%80%e0%b8%a2%e0%b9%87%e0%b8%99%e0%b8%a5%e0%b8%b2#primaryimage\"},\"thumbnailUrl\":\"https:\\\/\\\/www.dillerbottle.com\\\/wp-content\\\/uploads\\\/2024\\\/09\\\/lovely-panda-insulated-coffee-mug866eed79-1275-4c66-8b8b-72dfe72bc03a.jpg\",\"datePublished\":\"2024-09-29T06:15:04+00:00\",\"dateModified\":\"2025-07-09T08:18:23+00:00\",\"description\":\"As one of the best lovely panda insulated coffee mug manufacturers and suppliers, we are engaged in manufacturing good quality water bottles. We warmly welcome you to wholesale or buy custom made lovely panda insulated coffee mug at competitive price from us. Also, small quantity orders are acceptable.\",\"breadcrumb\":{\"@id\":\"https:\\\/\\\/www.dillerbottle.com\\\/th\\\/%e0%b8%aa%e0%b8%b4%e0%b8%99%e0%b8%84%e0%b9%89%e0%b8%b2\\\/%e0%b9%81%e0%b8%81%e0%b9%89%e0%b8%a7%e0%b8%81%e0%b8%b2%e0%b9%81%e0%b8%9f%e0%b9%80%e0%b8%81%e0%b9%87%e0%b8%9a%e0%b8%84%e0%b8%a7%e0%b8%b2%e0%b8%a1%e0%b9%80%e0%b8%a2%e0%b9%87%e0%b8%99%e0%b8%a5%e0%b8%b2#breadcrumb\"},\"inLanguage\":\"vi\",\"potentialAction\":[{\"@type\":\"ReadAction\",\"target\":[\"https:\\\/\\\/www.dillerbottle.com\\\/th\\\/%e0%b8%aa%e0%b8%b4%e0%b8%99%e0%b8%84%e0%b9%89%e0%b8%b2\\\/%e0%b9%81%e0%b8%81%e0%b9%89%e0%b8%a7%e0%b8%81%e0%b8%b2%e0%b9%81%e0%b8%9f%e0%b9%80%e0%b8%81%e0%b9%87%e0%b8%9a%e0%b8%84%e0%b8%a7%e0%b8%b2%e0%b8%a1%e0%b9%80%e0%b8%a2%e0%b9%87%e0%b8%99%e0%b8%a5%e0%b8%b2\"]}]},{\"@type\":\"ImageObject\",\"inLanguage\":\"vi\",\"@id\":\"https:\\\/\\\/www.dillerbottle.com\\\/th\\\/%e0%b8%aa%e0%b8%b4%e0%b8%99%e0%b8%84%e0%b9%89%e0%b8%b2\\\/%e0%b9%81%e0%b8%81%e0%b9%89%e0%b8%a7%e0%b8%81%e0%b8%b2%e0%b9%81%e0%b8%9f%e0%b9%80%e0%b8%81%e0%b9%87%e0%b8%9a%e0%b8%84%e0%b8%a7%e0%b8%b2%e0%b8%a1%e0%b9%80%e0%b8%a2%e0%b9%87%e0%b8%99%e0%b8%a5%e0%b8%b2#primaryimage\",\"url\":\"https:\\\/\\\/www.dillerbottle.com\\\/wp-content\\\/uploads\\\/2024\\\/09\\\/lovely-panda-insulated-coffee-mug866eed79-1275-4c66-8b8b-72dfe72bc03a.jpg\",\"contentUrl\":\"https:\\\/\\\/www.dillerbottle.com\\\/wp-content\\\/uploads\\\/2024\\\/09\\\/lovely-panda-insulated-coffee-mug866eed79-1275-4c66-8b8b-72dfe72bc03a.jpg\",\"width\":800,\"height\":800},{\"@type\":\"BreadcrumbList\",\"@id\":\"https:\\\/\\\/www.dillerbottle.com\\\/th\\\/%e0%b8%aa%e0%b8%b4%e0%b8%99%e0%b8%84%e0%b9%89%e0%b8%b2\\\/%e0%b9%81%e0%b8%81%e0%b9%89%e0%b8%a7%e0%b8%81%e0%b8%b2%e0%b9%81%e0%b8%9f%e0%b9%80%e0%b8%81%e0%b9%87%e0%b8%9a%e0%b8%84%e0%b8%a7%e0%b8%b2%e0%b8%a1%e0%b9%80%e0%b8%a2%e0%b9%87%e0%b8%99%e0%b8%a5%e0%b8%b2#breadcrumb\",\"itemListElement\":[{\"@type\":\"ListItem\",\"position\":1,\"name\":\"Home\",\"item\":\"https:\\\/\\\/www.dillerbottle.com\\\/\"},{\"@type\":\"ListItem\",\"position\":2,\"name\":\"Products\",\"item\":\"https:\\\/\\\/www.dillerbottle.com\\\/shop\"},{\"@type\":\"ListItem\",\"position\":3,\"name\":\"Lovely Panda Insulated Coffee Mug\"}]},{\"@type\":\"WebSite\",\"@id\":\"https:\\\/\\\/www.dillerbottle.com\\\/#website\",\"url\":\"https:\\\/\\\/www.dillerbottle.com\\\/\",\"name\":\"Diller Water Bottle Manufacturer\",\"description\":\"Water Bottle Manufacturer\",\"publisher\":{\"@id\":\"https:\\\/\\\/www.dillerbottle.com\\\/#organization\"},\"potentialAction\":[{\"@type\":\"SearchAction\",\"target\":{\"@type\":\"EntryPoint\",\"urlTemplate\":\"https:\\\/\\\/www.dillerbottle.com\\\/?s={search_term_string}\"},\"query-input\":{\"@type\":\"PropertyValueSpecification\",\"valueRequired\":true,\"valueName\":\"search_term_string\"}}],\"inLanguage\":\"vi\"},{\"@type\":\"Organization\",\"@id\":\"https:\\\/\\\/www.dillerbottle.com\\\/#organization\",\"name\":\"Diller Water Bottle Manufacturer\",\"url\":\"https:\\\/\\\/www.dillerbottle.com\\\/\",\"logo\":{\"@type\":\"ImageObject\",\"inLanguage\":\"vi\",\"@id\":\"https:\\\/\\\/www.dillerbottle.com\\\/#\\\/schema\\\/logo\\\/image\\\/\",\"url\":\"https:\\\/\\\/www.dillerbottle.com\\\/wp-content\\\/uploads\\\/2024\\\/09\\\/49918bfa848dcc1e9f8b509933603ac.png\",\"contentUrl\":\"https:\\\/\\\/www.dillerbottle.com\\\/wp-content\\\/uploads\\\/2024\\\/09\\\/49918bfa848dcc1e9f8b509933603ac.png\",\"width\":988,\"height\":198,\"caption\":\"Diller Water Bottle Manufacturer\"},\"image\":{\"@id\":\"https:\\\/\\\/www.dillerbottle.com\\\/#\\\/schema\\\/logo\\\/image\\\/\"}}]}<\/script>\n<!-- \/ Yoast SEO Premium plugin. -->","yoast_head_json":{"title":"C\u1ed1c c\u00e0 ph\u00ea c\u00e1ch nhi\u1ec7t h\u00ecnh g\u1ea5u tr\u00fac \u0111\u00e1ng y\u00eau - Nh\u00e0 s\u1ea3n xu\u1ea5t b\u00ecnh n\u01b0\u1edbc Diller","description":"L\u00e0 m\u1ed9t trong nh\u1eefng nh\u00e0 s\u1ea3n xu\u1ea5t v\u00e0 cung c\u1ea5p c\u1ed1c c\u00e0 ph\u00ea c\u00e1ch nhi\u1ec7t h\u00ecnh g\u1ea5u tr\u00fac \u0111\u00e1ng y\u00eau t\u1ed1t nh\u1ea5t, ch\u00fang t\u00f4i tham gia s\u1ea3n xu\u1ea5t b\u00ecnh \u0111\u1ef1ng n\u01b0\u1edbc ch\u1ea5t l\u01b0\u1ee3ng t\u1ed1t. Ch\u00fang t\u00f4i n\u1ed3ng nhi\u1ec7t ch\u00e0o \u0111\u00f3n b\u1ea1n \u0111\u1ebfn b\u00e1n bu\u00f4n ho\u1eb7c mua c\u1ed1c c\u00e0 ph\u00ea c\u00e1ch nhi\u1ec7t h\u00ecnh g\u1ea5u tr\u00fac \u0111\u00e1ng y\u00eau t\u00f9y ch\u1ec9nh v\u1edbi gi\u00e1 c\u1ea3 c\u1ea1nh tranh t\u1eeb ch\u00fang t\u00f4i. Ngo\u00e0i ra, ch\u00fang t\u00f4i c\u0169ng ch\u1ea5p nh\u1eadn \u0111\u01a1n \u0111\u1eb7t h\u00e0ng s\u1ed1 l\u01b0\u1ee3ng nh\u1ecf.","robots":{"index":"index","follow":"follow","max-snippet":"max-snippet:-1","max-image-preview":"max-image-preview:large","max-video-preview":"max-video-preview:-1"},"canonical":"https:\/\/www.dillerbottle.com\/vn\/cac-san-pham\/coc-ca-phe-cach-nhiet-hinh-gau-truc-dang-yeu","og_locale":"vi_VN","og_type":"article","og_title":"Lovely Panda Insulated Coffee Mug","og_description":"As one of the best lovely panda insulated coffee mug manufacturers and suppliers, we are engaged in manufacturing good quality water bottles. We warmly welcome you to wholesale or buy custom made lovely panda insulated coffee mug at competitive price from us. Also, small quantity orders are acceptable.","og_url":"https:\/\/www.dillerbottle.com\/vn\/cac-san-pham\/coc-ca-phe-cach-nhiet-hinh-gau-truc-dang-yeu","og_site_name":"Diller Water Bottle Manufacturer","article_modified_time":"2025-07-09T08:18:23+00:00","og_image":[{"width":800,"height":800,"url":"https:\/\/www.dillerbottle.com\/wp-content\/uploads\/2024\/09\/lovely-panda-insulated-coffee-mug866eed79-1275-4c66-8b8b-72dfe72bc03a.jpg","type":"image\/jpeg"}],"twitter_card":"summary_large_image","twitter_misc":{"\u01af\u1edbc t\u00ednh th\u1eddi gian \u0111\u1ecdc":"5 ph\u00fat"},"schema":{"@context":"https:\/\/schema.org","@graph":[{"@type":"WebPage","@id":"https:\/\/www.dillerbottle.com\/th\/%e0%b8%aa%e0%b8%b4%e0%b8%99%e0%b8%84%e0%b9%89%e0%b8%b2\/%e0%b9%81%e0%b8%81%e0%b9%89%e0%b8%a7%e0%b8%81%e0%b8%b2%e0%b9%81%e0%b8%9f%e0%b9%80%e0%b8%81%e0%b9%87%e0%b8%9a%e0%b8%84%e0%b8%a7%e0%b8%b2%e0%b8%a1%e0%b9%80%e0%b8%a2%e0%b9%87%e0%b8%99%e0%b8%a5%e0%b8%b2","url":"https:\/\/www.dillerbottle.com\/th\/%e0%b8%aa%e0%b8%b4%e0%b8%99%e0%b8%84%e0%b9%89%e0%b8%b2\/%e0%b9%81%e0%b8%81%e0%b9%89%e0%b8%a7%e0%b8%81%e0%b8%b2%e0%b9%81%e0%b8%9f%e0%b9%80%e0%b8%81%e0%b9%87%e0%b8%9a%e0%b8%84%e0%b8%a7%e0%b8%b2%e0%b8%a1%e0%b9%80%e0%b8%a2%e0%b9%87%e0%b8%99%e0%b8%a5%e0%b8%b2","name":"C\u1ed1c c\u00e0 ph\u00ea c\u00e1ch nhi\u1ec7t h\u00ecnh g\u1ea5u tr\u00fac \u0111\u00e1ng y\u00eau - Nh\u00e0 s\u1ea3n xu\u1ea5t b\u00ecnh n\u01b0\u1edbc Diller","isPartOf":{"@id":"https:\/\/www.dillerbottle.com\/#website"},"primaryImageOfPage":{"@id":"https:\/\/www.dillerbottle.com\/th\/%e0%b8%aa%e0%b8%b4%e0%b8%99%e0%b8%84%e0%b9%89%e0%b8%b2\/%e0%b9%81%e0%b8%81%e0%b9%89%e0%b8%a7%e0%b8%81%e0%b8%b2%e0%b9%81%e0%b8%9f%e0%b9%80%e0%b8%81%e0%b9%87%e0%b8%9a%e0%b8%84%e0%b8%a7%e0%b8%b2%e0%b8%a1%e0%b9%80%e0%b8%a2%e0%b9%87%e0%b8%99%e0%b8%a5%e0%b8%b2#primaryimage"},"image":{"@id":"https:\/\/www.dillerbottle.com\/th\/%e0%b8%aa%e0%b8%b4%e0%b8%99%e0%b8%84%e0%b9%89%e0%b8%b2\/%e0%b9%81%e0%b8%81%e0%b9%89%e0%b8%a7%e0%b8%81%e0%b8%b2%e0%b9%81%e0%b8%9f%e0%b9%80%e0%b8%81%e0%b9%87%e0%b8%9a%e0%b8%84%e0%b8%a7%e0%b8%b2%e0%b8%a1%e0%b9%80%e0%b8%a2%e0%b9%87%e0%b8%99%e0%b8%a5%e0%b8%b2#primaryimage"},"thumbnailUrl":"https:\/\/www.dillerbottle.com\/wp-content\/uploads\/2024\/09\/lovely-panda-insulated-coffee-mug866eed79-1275-4c66-8b8b-72dfe72bc03a.jpg","datePublished":"2024-09-29T06:15:04+00:00","dateModified":"2025-07-09T08:18:23+00:00","description":"L\u00e0 m\u1ed9t trong nh\u1eefng nh\u00e0 s\u1ea3n xu\u1ea5t v\u00e0 cung c\u1ea5p c\u1ed1c c\u00e0 ph\u00ea c\u00e1ch nhi\u1ec7t h\u00ecnh g\u1ea5u tr\u00fac \u0111\u00e1ng y\u00eau t\u1ed1t nh\u1ea5t, ch\u00fang t\u00f4i tham gia s\u1ea3n xu\u1ea5t b\u00ecnh \u0111\u1ef1ng n\u01b0\u1edbc ch\u1ea5t l\u01b0\u1ee3ng t\u1ed1t. Ch\u00fang t\u00f4i n\u1ed3ng nhi\u1ec7t ch\u00e0o \u0111\u00f3n b\u1ea1n \u0111\u1ebfn b\u00e1n bu\u00f4n ho\u1eb7c mua c\u1ed1c c\u00e0 ph\u00ea c\u00e1ch nhi\u1ec7t h\u00ecnh g\u1ea5u tr\u00fac \u0111\u00e1ng y\u00eau t\u00f9y ch\u1ec9nh v\u1edbi gi\u00e1 c\u1ea3 c\u1ea1nh tranh t\u1eeb ch\u00fang t\u00f4i. Ngo\u00e0i ra, ch\u00fang t\u00f4i c\u0169ng ch\u1ea5p nh\u1eadn \u0111\u01a1n \u0111\u1eb7t h\u00e0ng s\u1ed1 l\u01b0\u1ee3ng nh\u1ecf.","breadcrumb":{"@id":"https:\/\/www.dillerbottle.com\/th\/%e0%b8%aa%e0%b8%b4%e0%b8%99%e0%b8%84%e0%b9%89%e0%b8%b2\/%e0%b9%81%e0%b8%81%e0%b9%89%e0%b8%a7%e0%b8%81%e0%b8%b2%e0%b9%81%e0%b8%9f%e0%b9%80%e0%b8%81%e0%b9%87%e0%b8%9a%e0%b8%84%e0%b8%a7%e0%b8%b2%e0%b8%a1%e0%b9%80%e0%b8%a2%e0%b9%87%e0%b8%99%e0%b8%a5%e0%b8%b2#breadcrumb"},"inLanguage":"vi","potentialAction":[{"@type":"ReadAction","target":["https:\/\/www.dillerbottle.com\/th\/%e0%b8%aa%e0%b8%b4%e0%b8%99%e0%b8%84%e0%b9%89%e0%b8%b2\/%e0%b9%81%e0%b8%81%e0%b9%89%e0%b8%a7%e0%b8%81%e0%b8%b2%e0%b9%81%e0%b8%9f%e0%b9%80%e0%b8%81%e0%b9%87%e0%b8%9a%e0%b8%84%e0%b8%a7%e0%b8%b2%e0%b8%a1%e0%b9%80%e0%b8%a2%e0%b9%87%e0%b8%99%e0%b8%a5%e0%b8%b2"]}]},{"@type":"ImageObject","inLanguage":"vi","@id":"https:\/\/www.dillerbottle.com\/th\/%e0%b8%aa%e0%b8%b4%e0%b8%99%e0%b8%84%e0%b9%89%e0%b8%b2\/%e0%b9%81%e0%b8%81%e0%b9%89%e0%b8%a7%e0%b8%81%e0%b8%b2%e0%b9%81%e0%b8%9f%e0%b9%80%e0%b8%81%e0%b9%87%e0%b8%9a%e0%b8%84%e0%b8%a7%e0%b8%b2%e0%b8%a1%e0%b9%80%e0%b8%a2%e0%b9%87%e0%b8%99%e0%b8%a5%e0%b8%b2#primaryimage","url":"https:\/\/www.dillerbottle.com\/wp-content\/uploads\/2024\/09\/lovely-panda-insulated-coffee-mug866eed79-1275-4c66-8b8b-72dfe72bc03a.jpg","contentUrl":"https:\/\/www.dillerbottle.com\/wp-content\/uploads\/2024\/09\/lovely-panda-insulated-coffee-mug866eed79-1275-4c66-8b8b-72dfe72bc03a.jpg","width":800,"height":800},{"@type":"BreadcrumbList","@id":"https:\/\/www.dillerbottle.com\/th\/%e0%b8%aa%e0%b8%b4%e0%b8%99%e0%b8%84%e0%b9%89%e0%b8%b2\/%e0%b9%81%e0%b8%81%e0%b9%89%e0%b8%a7%e0%b8%81%e0%b8%b2%e0%b9%81%e0%b8%9f%e0%b9%80%e0%b8%81%e0%b9%87%e0%b8%9a%e0%b8%84%e0%b8%a7%e0%b8%b2%e0%b8%a1%e0%b9%80%e0%b8%a2%e0%b9%87%e0%b8%99%e0%b8%a5%e0%b8%b2#breadcrumb","itemListElement":[{"@type":"ListItem","position":1,"name":"Home","item":"https:\/\/www.dillerbottle.com\/"},{"@type":"ListItem","position":2,"name":"Products","item":"https:\/\/www.dillerbottle.com\/shop"},{"@type":"ListItem","position":3,"name":"Lovely Panda Insulated Coffee Mug"}]},{"@type":"WebSite","@id":"https:\/\/www.dillerbottle.com\/#website","url":"https:\/\/www.dillerbottle.com\/","name":"Nh\u00e0 s\u1ea3n xu\u1ea5t b\u00ecnh n\u01b0\u1edbc Diller","description":"Nh\u00e0 s\u1ea3n xu\u1ea5t b\u00ecnh n\u01b0\u1edbc","publisher":{"@id":"https:\/\/www.dillerbottle.com\/#organization"},"potentialAction":[{"@type":"SearchAction","target":{"@type":"EntryPoint","urlTemplate":"https:\/\/www.dillerbottle.com\/?s={search_term_string}"},"query-input":{"@type":"PropertyValueSpecification","valueRequired":true,"valueName":"search_term_string"}}],"inLanguage":"vi"},{"@type":"Organization","@id":"https:\/\/www.dillerbottle.com\/#organization","name":"Nh\u00e0 s\u1ea3n xu\u1ea5t b\u00ecnh n\u01b0\u1edbc Diller","url":"https:\/\/www.dillerbottle.com\/","logo":{"@type":"ImageObject","inLanguage":"vi","@id":"https:\/\/www.dillerbottle.com\/#\/schema\/logo\/image\/","url":"https:\/\/www.dillerbottle.com\/wp-content\/uploads\/2024\/09\/49918bfa848dcc1e9f8b509933603ac.png","contentUrl":"https:\/\/www.dillerbottle.com\/wp-content\/uploads\/2024\/09\/49918bfa848dcc1e9f8b509933603ac.png","width":988,"height":198,"caption":"Diller Water Bottle Manufacturer"},"image":{"@id":"https:\/\/www.dillerbottle.com\/#\/schema\/logo\/image\/"}}]}},"_links":{"self":[{"href":"https:\/\/www.dillerbottle.com\/vn\/wp-json\/wp\/v2\/product\/8272","targetHints":{"allow":["GET"]}}],"collection":[{"href":"https:\/\/www.dillerbottle.com\/vn\/wp-json\/wp\/v2\/product"}],"about":[{"href":"https:\/\/www.dillerbottle.com\/vn\/wp-json\/wp\/v2\/types\/product"}],"replies":[{"embeddable":true,"href":"https:\/\/www.dillerbottle.com\/vn\/wp-json\/wp\/v2\/comments?post=8272"}],"wp:featuredmedia":[{"embeddable":true,"href":"https:\/\/www.dillerbottle.com\/vn\/wp-json\/wp\/v2\/media\/8273"}],"wp:attachment":[{"href":"https:\/\/www.dillerbottle.com\/vn\/wp-json\/wp\/v2\/media?parent=8272"}],"wp:term":[{"taxonomy":"product_brand","embeddable":true,"href":"https:\/\/www.dillerbottle.com\/vn\/wp-json\/wp\/v2\/product_brand?post=8272"},{"taxonomy":"product_cat","embeddable":true,"href":"https:\/\/www.dillerbottle.com\/vn\/wp-json\/wp\/v2\/product_cat?post=8272"},{"taxonomy":"product_tag","embeddable":true,"href":"https:\/\/www.dillerbottle.com\/vn\/wp-json\/wp\/v2\/product_tag?post=8272"}],"curies":[{"name":"wp","href":"https:\/\/api.w.org\/{rel}","templated":true}]}}