{"id":8591,"date":"2024-09-29T14:19:36","date_gmt":"2024-09-29T06:19:36","guid":{"rendered":"https:\/\/demo.dillerbottle.com\/products\/outdoor-insulated-water-bottle"},"modified":"2025-07-09T16:09:51","modified_gmt":"2025-07-09T08:09:51","slug":"binh-nuoc-cach-nhiet-ngoai-troi","status":"publish","type":"product","link":"https:\/\/www.dillerbottle.com\/vn\/products\/outdoor-insulated-water-bottle","title":{"rendered":"B\u00ecnh n\u01b0\u1edbc c\u00e1ch nhi\u1ec7t ngo\u00e0i tr\u1eddi"},"content":{"rendered":"<p>1. B\u00ecnh n\u01b0\u1edbc c\u00e1ch nhi\u1ec7t ngo\u00e0i tr\u1eddi \u0111\u01b0\u1ee3c l\u00e0m b\u1eb1ng th\u00e9p kh\u00f4ng g\u1ec9 ch\u1ea5t l\u01b0\u1ee3ng cao v\u00e0 \u00e1p d\u1ee5ng c\u00f4ng ngh\u1ec7 c\u00e1ch nhi\u1ec7t ch\u00e2n kh\u00f4ng. Cho d\u00f9 l\u00e0 n\u01b0\u1edbc n\u00f3ng hay n\u01b0\u1edbc \u0111\u00e1, n\u00f3 c\u00f3 th\u1ec3 duy tr\u00ec nhi\u1ec7t \u0111\u1ed9 th\u00edch h\u1ee3p trong th\u1eddi gian d\u00e0i.<\/p>\n<p>2. B\u00ecnh n\u01b0\u1edbc gi\u1eef nhi\u1ec7t ngo\u00e0i tr\u1eddi n\u00e0y c\u00f3 b\u1ed9 l\u1ecdc tr\u00e0 b\u1eb1ng th\u00e9p kh\u00f4ng g\u1ec9 t\u1ed1t, cho ph\u00e9p b\u1ea1n nh\u1ea5p m\u1ed9t ng\u1ee5m tr\u00e0 b\u1ea5t c\u1ee9 khi n\u00e0o b\u1ea1n ra ngo\u00e0i ho\u1eb7c \u1edf v\u0103n ph\u00f2ng.<\/p>\n<p>3. N\u1eafp c\u1ed1c c\u00f3 thi\u1ebft k\u1ebf tay c\u1ea7m tho\u1ea3i m\u00e1i, d\u1ec5 d\u00e0ng mang theo khi ra ngo\u00e0i. Nhi\u1ec1u bi\u1ec7n ph\u00e1p ch\u1ed1ng r\u00f2 r\u1ec9, ngay c\u1ea3 khi \u0111\u1ec3 trong t\u00fai, c\u0169ng kh\u00f4ng s\u1ee3 r\u00f2 r\u1ec9 n\u01b0\u1edbc.<\/p>\n<p>4. N\u1eafp b\u00ean trong \u0111\u01b0\u1ee3c thi\u1ebft k\u1ebf m\u1edf b\u1eb1ng m\u1ed9t l\u1ea7n nh\u1ea5p, gi\u00fap vi\u1ec7c u\u1ed1ng n\u01b0\u1edbc tr\u1edf n\u00ean ti\u1ec7n l\u1ee3i v\u00e0 nhanh ch\u00f3ng. N\u1eafp c\u1ed1c c\u00f3 th\u1ec3 \u0111\u01b0\u1ee3c s\u1eed d\u1ee5ng nh\u01b0 m\u1ed9t chi\u1ebfc c\u1ed1c nh\u1ecf \u0111\u1ec3 u\u1ed1ng n\u01b0\u1edbc.<\/p>","protected":false},"excerpt":{"rendered":"<p>B\u00ecnh n\u01b0\u1edbc c\u00e1ch nhi\u1ec7t ngo\u00e0i tr\u1eddi n\u00e0y \u0111\u01b0\u1ee3c l\u00e0m t\u1eeb th\u00e9p kh\u00f4ng g\u1ec9 316 b\u1ec1n v\u00e0 v\u1eadt li\u1ec7u an to\u00e0n th\u1ef1c ph\u1ea9m.<br \/>\nB\u00ecnh n\u01b0\u1edbc gi\u1eef nhi\u1ec7t n\u00e0y c\u00f3 th\u1ec3 gi\u1eef n\u01b0\u1edbc n\u00f3ng ho\u1eb7c n\u01b0\u1edbc \u0111\u00e1 trong v\u00f2ng 6-12 gi\u1edd.<br \/>\nN\u1eafp b\u00ean trong \u0111\u01b0\u1ee3c thi\u1ebft k\u1ebf m\u1edf ch\u1ec9 b\u1eb1ng m\u1ed9t l\u1ea7n nh\u1ea5p, gi\u00fap vi\u1ec7c u\u1ed1ng n\u01b0\u1edbc tr\u1edf n\u00ean ti\u1ec7n l\u1ee3i v\u00e0 nhanh ch\u00f3ng.<br \/>\nN\u1eafp c\u1ed1c c\u00f3 th\u1ec3 \u0111\u01b0\u1ee3c s\u1eed d\u1ee5ng nh\u01b0 m\u1ed9t chi\u1ebfc c\u1ed1c nh\u1ecf \u0111\u1ec3 u\u1ed1ng n\u01b0\u1edbc.<br \/>\nCh\u1ea5p nh\u1eadn OEM v\u00e0 ODM.<br \/>\nCh\u00fang t\u00f4i c\u00f3 th\u1ec3 t\u00f9y ch\u1ec9nh b\u00ecnh gi\u1eef nhi\u1ec7t kim lo\u1ea1i theo y\u00eau c\u1ea7u c\u1ee7a b\u1ea1n.<br \/>\nCh\u00e0o m\u1eebng b\u1ea1n \u0111\u1ebfn mua s\u1ec9, h\u00e3y g\u1eedi y\u00eau c\u1ea7u ngay!<\/p>","protected":false},"featured_media":8592,"comment_status":"open","ping_status":"closed","template":"","meta":{"_acf_changed":false},"product_brand":[],"product_cat":[18],"product_tag":[32,36,33,521,31,773,39,38,774,29,37,772,34,725,35,738,28,30,506],"class_list":{"0":"post-8591","1":"product","2":"type-product","3":"status-publish","4":"has-post-thumbnail","6":"product_cat-insulated-water-bottle","7":"product_tag-best","8":"product_tag-bulk","9":"product_tag-buy","10":"product_tag-cup-outdoor-travel-sports-water-bottle-with-handle","11":"product_tag-custom","12":"product_tag-fancy-water-bottle","13":"product_tag-for-sale","14":"product_tag-good-quality","15":"product_tag-insulated-water-bottle-with-straw","16":"product_tag-manufacturers","17":"product_tag-manufacturing","18":"product_tag-outdoor-insulated-water-bottle","19":"product_tag-price","20":"product_tag-simple-modern-water-bottle","21":"product_tag-small","22":"product_tag-steel-water-bottles-with-sports-straw-lid","23":"product_tag-suppliers","24":"product_tag-wholesale","25":"product_tag-wooden-water-bottles","27":"first","28":"instock","29":"shipping-taxable","30":"product-type-simple"},"acf":[],"yoast_head":"<!-- This site is optimized with the Yoast SEO Premium plugin v27.4 (Yoast SEO v27.4) - https:\/\/yoast.com\/product\/yoast-seo-premium-wordpress\/ -->\n<title>Outdoor Insulated Water Bottle - Diller Water Bottle Manufacturer<\/title>\n<meta name=\"description\" content=\"As one of the best outdoor insulated water bottle manufacturers and suppliers, we are engaged in manufacturing good quality water bottles. We warmly welcome you to wholesale or buy custom made outdoor insulated water bottle at competitive price from us. Also, small quantity orders are acceptable.\" \/>\n<meta name=\"robots\" content=\"index, follow, max-snippet:-1, max-image-preview:large, max-video-preview:-1\" \/>\n<link rel=\"canonical\" href=\"https:\/\/www.dillerbottle.com\/vn\/cac-san-pham\/binh-nuoc-cach-nhiet-ngoai-troi\" \/>\n<meta property=\"og:locale\" content=\"vi_VN\" \/>\n<meta property=\"og:type\" content=\"article\" \/>\n<meta property=\"og:title\" content=\"Outdoor Insulated Water Bottle\" \/>\n<meta property=\"og:description\" content=\"As one of the best outdoor insulated water bottle manufacturers and suppliers, we are engaged in manufacturing good quality water bottles. We warmly welcome you to wholesale or buy custom made outdoor insulated water bottle at competitive price from us. Also, small quantity orders are acceptable.\" \/>\n<meta property=\"og:url\" content=\"https:\/\/www.dillerbottle.com\/vn\/cac-san-pham\/binh-nuoc-cach-nhiet-ngoai-troi\" \/>\n<meta property=\"og:site_name\" content=\"Diller Water Bottle Manufacturer\" \/>\n<meta property=\"article:modified_time\" content=\"2025-07-09T08:09:51+00:00\" \/>\n<meta property=\"og:image\" content=\"https:\/\/www.dillerbottle.com\/wp-content\/uploads\/2024\/09\/outdoor-insulated-water-bottleebe2377c-eebb-4709-b665-1549a88ea8af.jpg\" \/>\n\t<meta property=\"og:image:width\" content=\"730\" \/>\n\t<meta property=\"og:image:height\" content=\"730\" \/>\n\t<meta property=\"og:image:type\" content=\"image\/jpeg\" \/>\n<meta name=\"twitter:card\" content=\"summary_large_image\" \/>\n<meta name=\"twitter:label1\" content=\"\u01af\u1edbc t\u00ednh th\u1eddi gian \u0111\u1ecdc\" \/>\n\t<meta name=\"twitter:data1\" content=\"6 ph\u00fat\" \/>\n<script type=\"application\/ld+json\" class=\"yoast-schema-graph\">{\"@context\":\"https:\\\/\\\/schema.org\",\"@graph\":[{\"@type\":\"WebPage\",\"@id\":\"https:\\\/\\\/www.dillerbottle.com\\\/tr\\\/urunler\\\/dis-mekan-yalitimli-su-sisesi\",\"url\":\"https:\\\/\\\/www.dillerbottle.com\\\/tr\\\/urunler\\\/dis-mekan-yalitimli-su-sisesi\",\"name\":\"Outdoor Insulated Water Bottle - Diller Water Bottle Manufacturer\",\"isPartOf\":{\"@id\":\"https:\\\/\\\/www.dillerbottle.com\\\/#website\"},\"primaryImageOfPage\":{\"@id\":\"https:\\\/\\\/www.dillerbottle.com\\\/tr\\\/urunler\\\/dis-mekan-yalitimli-su-sisesi#primaryimage\"},\"image\":{\"@id\":\"https:\\\/\\\/www.dillerbottle.com\\\/tr\\\/urunler\\\/dis-mekan-yalitimli-su-sisesi#primaryimage\"},\"thumbnailUrl\":\"https:\\\/\\\/www.dillerbottle.com\\\/wp-content\\\/uploads\\\/2024\\\/09\\\/outdoor-insulated-water-bottleebe2377c-eebb-4709-b665-1549a88ea8af.jpg\",\"datePublished\":\"2024-09-29T06:19:36+00:00\",\"dateModified\":\"2025-07-09T08:09:51+00:00\",\"description\":\"As one of the best outdoor insulated water bottle manufacturers and suppliers, we are engaged in manufacturing good quality water bottles. We warmly welcome you to wholesale or buy custom made outdoor insulated water bottle at competitive price from us. Also, small quantity orders are acceptable.\",\"breadcrumb\":{\"@id\":\"https:\\\/\\\/www.dillerbottle.com\\\/tr\\\/urunler\\\/dis-mekan-yalitimli-su-sisesi#breadcrumb\"},\"inLanguage\":\"vi\",\"potentialAction\":[{\"@type\":\"ReadAction\",\"target\":[\"https:\\\/\\\/www.dillerbottle.com\\\/tr\\\/urunler\\\/dis-mekan-yalitimli-su-sisesi\"]}]},{\"@type\":\"ImageObject\",\"inLanguage\":\"vi\",\"@id\":\"https:\\\/\\\/www.dillerbottle.com\\\/tr\\\/urunler\\\/dis-mekan-yalitimli-su-sisesi#primaryimage\",\"url\":\"https:\\\/\\\/www.dillerbottle.com\\\/wp-content\\\/uploads\\\/2024\\\/09\\\/outdoor-insulated-water-bottleebe2377c-eebb-4709-b665-1549a88ea8af.jpg\",\"contentUrl\":\"https:\\\/\\\/www.dillerbottle.com\\\/wp-content\\\/uploads\\\/2024\\\/09\\\/outdoor-insulated-water-bottleebe2377c-eebb-4709-b665-1549a88ea8af.jpg\",\"width\":730,\"height\":730},{\"@type\":\"BreadcrumbList\",\"@id\":\"https:\\\/\\\/www.dillerbottle.com\\\/tr\\\/urunler\\\/dis-mekan-yalitimli-su-sisesi#breadcrumb\",\"itemListElement\":[{\"@type\":\"ListItem\",\"position\":1,\"name\":\"Home\",\"item\":\"https:\\\/\\\/www.dillerbottle.com\\\/\"},{\"@type\":\"ListItem\",\"position\":2,\"name\":\"Products\",\"item\":\"https:\\\/\\\/www.dillerbottle.com\\\/shop\"},{\"@type\":\"ListItem\",\"position\":3,\"name\":\"Outdoor Insulated Water Bottle\"}]},{\"@type\":\"WebSite\",\"@id\":\"https:\\\/\\\/www.dillerbottle.com\\\/#website\",\"url\":\"https:\\\/\\\/www.dillerbottle.com\\\/\",\"name\":\"Diller Water Bottle Manufacturer\",\"description\":\"Water Bottle Manufacturer\",\"publisher\":{\"@id\":\"https:\\\/\\\/www.dillerbottle.com\\\/#organization\"},\"potentialAction\":[{\"@type\":\"SearchAction\",\"target\":{\"@type\":\"EntryPoint\",\"urlTemplate\":\"https:\\\/\\\/www.dillerbottle.com\\\/?s={search_term_string}\"},\"query-input\":{\"@type\":\"PropertyValueSpecification\",\"valueRequired\":true,\"valueName\":\"search_term_string\"}}],\"inLanguage\":\"vi\"},{\"@type\":\"Organization\",\"@id\":\"https:\\\/\\\/www.dillerbottle.com\\\/#organization\",\"name\":\"Diller Water Bottle Manufacturer\",\"url\":\"https:\\\/\\\/www.dillerbottle.com\\\/\",\"logo\":{\"@type\":\"ImageObject\",\"inLanguage\":\"vi\",\"@id\":\"https:\\\/\\\/www.dillerbottle.com\\\/#\\\/schema\\\/logo\\\/image\\\/\",\"url\":\"https:\\\/\\\/www.dillerbottle.com\\\/wp-content\\\/uploads\\\/2024\\\/09\\\/49918bfa848dcc1e9f8b509933603ac.png\",\"contentUrl\":\"https:\\\/\\\/www.dillerbottle.com\\\/wp-content\\\/uploads\\\/2024\\\/09\\\/49918bfa848dcc1e9f8b509933603ac.png\",\"width\":988,\"height\":198,\"caption\":\"Diller Water Bottle Manufacturer\"},\"image\":{\"@id\":\"https:\\\/\\\/www.dillerbottle.com\\\/#\\\/schema\\\/logo\\\/image\\\/\"}}]}<\/script>\n<!-- \/ Yoast SEO Premium plugin. -->","yoast_head_json":{"title":"B\u00ecnh n\u01b0\u1edbc c\u00e1ch nhi\u1ec7t ngo\u00e0i tr\u1eddi - Nh\u00e0 s\u1ea3n xu\u1ea5t b\u00ecnh n\u01b0\u1edbc Diller","description":"L\u00e0 m\u1ed9t trong nh\u1eefng nh\u00e0 s\u1ea3n xu\u1ea5t v\u00e0 cung c\u1ea5p b\u00ecnh n\u01b0\u1edbc c\u00e1ch nhi\u1ec7t ngo\u00e0i tr\u1eddi t\u1ed1t nh\u1ea5t, ch\u00fang t\u00f4i tham gia s\u1ea3n xu\u1ea5t b\u00ecnh n\u01b0\u1edbc ch\u1ea5t l\u01b0\u1ee3ng t\u1ed1t. Ch\u00fang t\u00f4i n\u1ed3ng nhi\u1ec7t ch\u00e0o \u0111\u00f3n b\u1ea1n \u0111\u1ebfn b\u00e1n bu\u00f4n ho\u1eb7c mua b\u00ecnh n\u01b0\u1edbc c\u00e1ch nhi\u1ec7t ngo\u00e0i tr\u1eddi t\u00f9y ch\u1ec9nh v\u1edbi gi\u00e1 c\u1ea1nh tranh t\u1eeb ch\u00fang t\u00f4i. Ngo\u00e0i ra, ch\u00fang t\u00f4i c\u0169ng ch\u1ea5p nh\u1eadn \u0111\u01a1n \u0111\u1eb7t h\u00e0ng s\u1ed1 l\u01b0\u1ee3ng nh\u1ecf.","robots":{"index":"index","follow":"follow","max-snippet":"max-snippet:-1","max-image-preview":"max-image-preview:large","max-video-preview":"max-video-preview:-1"},"canonical":"https:\/\/www.dillerbottle.com\/vn\/cac-san-pham\/binh-nuoc-cach-nhiet-ngoai-troi","og_locale":"vi_VN","og_type":"article","og_title":"Outdoor Insulated Water Bottle","og_description":"As one of the best outdoor insulated water bottle manufacturers and suppliers, we are engaged in manufacturing good quality water bottles. We warmly welcome you to wholesale or buy custom made outdoor insulated water bottle at competitive price from us. Also, small quantity orders are acceptable.","og_url":"https:\/\/www.dillerbottle.com\/vn\/cac-san-pham\/binh-nuoc-cach-nhiet-ngoai-troi","og_site_name":"Diller Water Bottle Manufacturer","article_modified_time":"2025-07-09T08:09:51+00:00","og_image":[{"width":730,"height":730,"url":"https:\/\/www.dillerbottle.com\/wp-content\/uploads\/2024\/09\/outdoor-insulated-water-bottleebe2377c-eebb-4709-b665-1549a88ea8af.jpg","type":"image\/jpeg"}],"twitter_card":"summary_large_image","twitter_misc":{"\u01af\u1edbc t\u00ednh th\u1eddi gian \u0111\u1ecdc":"6 ph\u00fat"},"schema":{"@context":"https:\/\/schema.org","@graph":[{"@type":"WebPage","@id":"https:\/\/www.dillerbottle.com\/tr\/urunler\/dis-mekan-yalitimli-su-sisesi","url":"https:\/\/www.dillerbottle.com\/tr\/urunler\/dis-mekan-yalitimli-su-sisesi","name":"B\u00ecnh n\u01b0\u1edbc c\u00e1ch nhi\u1ec7t ngo\u00e0i tr\u1eddi - Nh\u00e0 s\u1ea3n xu\u1ea5t b\u00ecnh n\u01b0\u1edbc Diller","isPartOf":{"@id":"https:\/\/www.dillerbottle.com\/#website"},"primaryImageOfPage":{"@id":"https:\/\/www.dillerbottle.com\/tr\/urunler\/dis-mekan-yalitimli-su-sisesi#primaryimage"},"image":{"@id":"https:\/\/www.dillerbottle.com\/tr\/urunler\/dis-mekan-yalitimli-su-sisesi#primaryimage"},"thumbnailUrl":"https:\/\/www.dillerbottle.com\/wp-content\/uploads\/2024\/09\/outdoor-insulated-water-bottleebe2377c-eebb-4709-b665-1549a88ea8af.jpg","datePublished":"2024-09-29T06:19:36+00:00","dateModified":"2025-07-09T08:09:51+00:00","description":"L\u00e0 m\u1ed9t trong nh\u1eefng nh\u00e0 s\u1ea3n xu\u1ea5t v\u00e0 cung c\u1ea5p b\u00ecnh n\u01b0\u1edbc c\u00e1ch nhi\u1ec7t ngo\u00e0i tr\u1eddi t\u1ed1t nh\u1ea5t, ch\u00fang t\u00f4i tham gia s\u1ea3n xu\u1ea5t b\u00ecnh n\u01b0\u1edbc ch\u1ea5t l\u01b0\u1ee3ng t\u1ed1t. Ch\u00fang t\u00f4i n\u1ed3ng nhi\u1ec7t ch\u00e0o \u0111\u00f3n b\u1ea1n \u0111\u1ebfn b\u00e1n bu\u00f4n ho\u1eb7c mua b\u00ecnh n\u01b0\u1edbc c\u00e1ch nhi\u1ec7t ngo\u00e0i tr\u1eddi t\u00f9y ch\u1ec9nh v\u1edbi gi\u00e1 c\u1ea1nh tranh t\u1eeb ch\u00fang t\u00f4i. Ngo\u00e0i ra, ch\u00fang t\u00f4i c\u0169ng ch\u1ea5p nh\u1eadn \u0111\u01a1n \u0111\u1eb7t h\u00e0ng s\u1ed1 l\u01b0\u1ee3ng nh\u1ecf.","breadcrumb":{"@id":"https:\/\/www.dillerbottle.com\/tr\/urunler\/dis-mekan-yalitimli-su-sisesi#breadcrumb"},"inLanguage":"vi","potentialAction":[{"@type":"ReadAction","target":["https:\/\/www.dillerbottle.com\/tr\/urunler\/dis-mekan-yalitimli-su-sisesi"]}]},{"@type":"ImageObject","inLanguage":"vi","@id":"https:\/\/www.dillerbottle.com\/tr\/urunler\/dis-mekan-yalitimli-su-sisesi#primaryimage","url":"https:\/\/www.dillerbottle.com\/wp-content\/uploads\/2024\/09\/outdoor-insulated-water-bottleebe2377c-eebb-4709-b665-1549a88ea8af.jpg","contentUrl":"https:\/\/www.dillerbottle.com\/wp-content\/uploads\/2024\/09\/outdoor-insulated-water-bottleebe2377c-eebb-4709-b665-1549a88ea8af.jpg","width":730,"height":730},{"@type":"BreadcrumbList","@id":"https:\/\/www.dillerbottle.com\/tr\/urunler\/dis-mekan-yalitimli-su-sisesi#breadcrumb","itemListElement":[{"@type":"ListItem","position":1,"name":"Home","item":"https:\/\/www.dillerbottle.com\/"},{"@type":"ListItem","position":2,"name":"Products","item":"https:\/\/www.dillerbottle.com\/shop"},{"@type":"ListItem","position":3,"name":"Outdoor Insulated Water Bottle"}]},{"@type":"WebSite","@id":"https:\/\/www.dillerbottle.com\/#website","url":"https:\/\/www.dillerbottle.com\/","name":"Nh\u00e0 s\u1ea3n xu\u1ea5t b\u00ecnh n\u01b0\u1edbc Diller","description":"Nh\u00e0 s\u1ea3n xu\u1ea5t b\u00ecnh n\u01b0\u1edbc","publisher":{"@id":"https:\/\/www.dillerbottle.com\/#organization"},"potentialAction":[{"@type":"SearchAction","target":{"@type":"EntryPoint","urlTemplate":"https:\/\/www.dillerbottle.com\/?s={search_term_string}"},"query-input":{"@type":"PropertyValueSpecification","valueRequired":true,"valueName":"search_term_string"}}],"inLanguage":"vi"},{"@type":"Organization","@id":"https:\/\/www.dillerbottle.com\/#organization","name":"Nh\u00e0 s\u1ea3n xu\u1ea5t b\u00ecnh n\u01b0\u1edbc Diller","url":"https:\/\/www.dillerbottle.com\/","logo":{"@type":"ImageObject","inLanguage":"vi","@id":"https:\/\/www.dillerbottle.com\/#\/schema\/logo\/image\/","url":"https:\/\/www.dillerbottle.com\/wp-content\/uploads\/2024\/09\/49918bfa848dcc1e9f8b509933603ac.png","contentUrl":"https:\/\/www.dillerbottle.com\/wp-content\/uploads\/2024\/09\/49918bfa848dcc1e9f8b509933603ac.png","width":988,"height":198,"caption":"Diller Water Bottle Manufacturer"},"image":{"@id":"https:\/\/www.dillerbottle.com\/#\/schema\/logo\/image\/"}}]}},"_links":{"self":[{"href":"https:\/\/www.dillerbottle.com\/vn\/wp-json\/wp\/v2\/product\/8591","targetHints":{"allow":["GET"]}}],"collection":[{"href":"https:\/\/www.dillerbottle.com\/vn\/wp-json\/wp\/v2\/product"}],"about":[{"href":"https:\/\/www.dillerbottle.com\/vn\/wp-json\/wp\/v2\/types\/product"}],"replies":[{"embeddable":true,"href":"https:\/\/www.dillerbottle.com\/vn\/wp-json\/wp\/v2\/comments?post=8591"}],"wp:featuredmedia":[{"embeddable":true,"href":"https:\/\/www.dillerbottle.com\/vn\/wp-json\/wp\/v2\/media\/8592"}],"wp:attachment":[{"href":"https:\/\/www.dillerbottle.com\/vn\/wp-json\/wp\/v2\/media?parent=8591"}],"wp:term":[{"taxonomy":"product_brand","embeddable":true,"href":"https:\/\/www.dillerbottle.com\/vn\/wp-json\/wp\/v2\/product_brand?post=8591"},{"taxonomy":"product_cat","embeddable":true,"href":"https:\/\/www.dillerbottle.com\/vn\/wp-json\/wp\/v2\/product_cat?post=8591"},{"taxonomy":"product_tag","embeddable":true,"href":"https:\/\/www.dillerbottle.com\/vn\/wp-json\/wp\/v2\/product_tag?post=8591"}],"curies":[{"name":"wp","href":"https:\/\/api.w.org\/{rel}","templated":true}]}}