{"id":9011,"date":"2024-09-29T14:26:02","date_gmt":"2024-09-29T06:26:02","guid":{"rendered":"https:\/\/demo.dillerbottle.com\/products\/tulip-pattern-insulated-coffee-mug"},"modified":"2025-07-09T16:04:09","modified_gmt":"2025-07-09T08:04:09","slug":"coc-ca-phe-cach-nhiet-hoa-tiet-hoa-tulip","status":"publish","type":"product","link":"https:\/\/www.dillerbottle.com\/vn\/products\/tulip-pattern-insulated-coffee-mug","title":{"rendered":"C\u1ed1c c\u00e0 ph\u00ea c\u00e1ch nhi\u1ec7t h\u1ecda ti\u1ebft hoa tulip"},"content":{"rendered":"<p>\u0110\u1eb7c tr\u01b0ng:<br \/>\n1. C\u1ed1c c\u00e0 ph\u00ea gi\u1eef nhi\u1ec7t h\u1ecda ti\u1ebft hoa tulip \u0111\u01b0\u1ee3c l\u00e0m b\u1eb1ng th\u00e9p kh\u00f4ng g\u1ec9 nh\u1eb9 304 (18\/8) c\u1ea5p th\u1ef1c ph\u1ea9m ch\u1ea5t l\u01b0\u1ee3ng cao, c\u00f3 kh\u1ea3 n\u0103ng gi\u1eef \u1ea5m v\u00e0 gi\u1eef l\u1ea1nh hi\u1ec7u qu\u1ea3.<\/p>\n<p>2. Dung t\u00edch 1200ml, c\u00f3 th\u1ec3 \u0111\u1ef1ng \u0111\u1ee7 n\u01b0\u1edbc, c\u00e0 ph\u00ea, tr\u00e0, v.v.<\/p>\n<p>3. N\u1eafp c\u1ed1c c\u00f3 v\u00f2ng \u0111\u1ec7m silicon, n\u00ean d\u00f9 b\u1ea1n c\u1ea7m th\u1ebf n\u00e0o c\u0169ng kh\u00f4ng s\u1ee3 n\u01b0\u1edbc r\u00f2 r\u1ec9. C\u00f3 th\u1ec3 u\u1ed1ng tr\u1ef1c ti\u1ebfp ho\u1eb7c qua \u1ed1ng h\u00fat.<\/p>\n<p>4. Th\u00e2n c\u1ed1c c\u00f3 quai c\u1ea7m r\u1ed9ng, ti\u1ec7n l\u1ee3i h\u01a1n khi mang theo khi ra ngo\u00e0i. Th\u00e2n c\u1ed1c c\u00f2n c\u00f3 thi\u1ebft k\u1ebf h\u00ecnh minh h\u1ecda hoa tulip \u0111\u1ed9c \u0111\u00e1o.<\/p>","protected":false},"excerpt":{"rendered":"<p>C\u1ed1c c\u00e0 ph\u00ea c\u00e1ch nhi\u1ec7t h\u1ecda ti\u1ebft hoa tulip n\u00e0y \u0111\u01b0\u1ee3c l\u00e0m t\u1eeb th\u00e9p kh\u00f4ng g\u1ec9 b\u1ec1n v\u00e0 v\u1eadt li\u1ec7u an to\u00e0n th\u1ef1c ph\u1ea9m.<br \/>\nB\u00ecnh \u0111\u1ef1ng n\u01b0\u1edbc b\u1eb1ng kim lo\u1ea1i n\u00e0y \u0111\u01b0\u1ee3c c\u00e1ch nhi\u1ec7t ch\u00e2n kh\u00f4ng, c\u00f3 th\u1ec3 gi\u1eef n\u01b0\u1edbc n\u00f3ng ho\u1eb7c l\u1ea1nh t\u1edbi 6-12 gi\u1edd.<br \/>\nTh\u00e2n c\u1ed1c c\u00f3 quai c\u1ea7m r\u1ed9ng, ti\u1ec7n l\u1ee3i h\u01a1n khi mang theo khi ra ngo\u00e0i.<br \/>\nTh\u00e2n c\u1ed1c c\u0169ng c\u00f3 thi\u1ebft k\u1ebf h\u00ecnh \u1ea3nh minh h\u1ecda hoa tulip \u0111\u1ed9c \u0111\u00e1o.<br \/>\nCh\u1ea5p nh\u1eadn OEM v\u00e0 ODM.<br \/>\nCh\u00fang t\u00f4i c\u00f3 th\u1ec3 t\u00f9y ch\u1ec9nh b\u00ecnh gi\u1eef nhi\u1ec7t theo y\u00eau c\u1ea7u c\u1ee7a b\u1ea1n.<br \/>\nCh\u00e0o m\u1eebng b\u1ea1n \u0111\u1ebfn mua s\u1ec9, h\u00e3y g\u1eedi y\u00eau c\u1ea7u ngay!<\/p>","protected":false},"featured_media":9012,"comment_status":"open","ping_status":"closed","template":"","meta":{"_acf_changed":false},"product_brand":[],"product_cat":[18],"product_tag":[763,32,36,33,31,524,39,38,29,37,34,35,700,780,28,802,685,691,30],"class_list":{"0":"post-9011","1":"product","2":"type-product","3":"status-publish","4":"has-post-thumbnail","6":"product_cat-insulated-water-bottle","7":"product_tag-bear-water-bottle","8":"product_tag-best","9":"product_tag-bulk","10":"product_tag-buy","11":"product_tag-custom","12":"product_tag-drinking-water-bottles","13":"product_tag-for-sale","14":"product_tag-good-quality","15":"product_tag-manufacturers","16":"product_tag-manufacturing","17":"product_tag-price","18":"product_tag-small","19":"product_tag-soft-water-bottle","20":"product_tag-stainless-water-bottle","21":"product_tag-suppliers","22":"product_tag-tulip-pattern-insulated-coffee-mug","23":"product_tag-water-bottle-custom-logo","24":"product_tag-water-bottles-leak-proof-bpa-free-sports-bottle","25":"product_tag-wholesale","27":"first","28":"instock","29":"shipping-taxable","30":"product-type-simple"},"acf":[],"yoast_head":"<!-- This site is optimized with the Yoast SEO Premium plugin v27.4 (Yoast SEO v27.4) - https:\/\/yoast.com\/product\/yoast-seo-premium-wordpress\/ -->\n<title>Tulip Pattern Insulated Coffee Mug - Diller Water Bottle Manufacturer<\/title>\n<meta name=\"description\" content=\"As one of the best tulip pattern insulated coffee mug manufacturers and suppliers, we are engaged in manufacturing good quality water bottles. We warmly welcome you to wholesale or buy custom made tulip pattern insulated coffee mug at competitive price from us. Also, small quantity orders are acceptable.\" \/>\n<meta name=\"robots\" content=\"index, follow, max-snippet:-1, max-image-preview:large, max-video-preview:-1\" \/>\n<link rel=\"canonical\" href=\"https:\/\/www.dillerbottle.com\/vn\/cac-san-pham\/coc-ca-phe-cach-nhiet-hoa-tiet-hoa-tulip\" \/>\n<meta property=\"og:locale\" content=\"vi_VN\" \/>\n<meta property=\"og:type\" content=\"article\" \/>\n<meta property=\"og:title\" content=\"Tulip Pattern Insulated Coffee Mug\" \/>\n<meta property=\"og:description\" content=\"As one of the best tulip pattern insulated coffee mug manufacturers and suppliers, we are engaged in manufacturing good quality water bottles. We warmly welcome you to wholesale or buy custom made tulip pattern insulated coffee mug at competitive price from us. Also, small quantity orders are acceptable.\" \/>\n<meta property=\"og:url\" content=\"https:\/\/www.dillerbottle.com\/vn\/cac-san-pham\/coc-ca-phe-cach-nhiet-hoa-tiet-hoa-tulip\" \/>\n<meta property=\"og:site_name\" content=\"Diller Water Bottle Manufacturer\" \/>\n<meta property=\"article:modified_time\" content=\"2025-07-09T08:04:09+00:00\" \/>\n<meta property=\"og:image\" content=\"https:\/\/www.dillerbottle.com\/wp-content\/uploads\/2024\/09\/tulip-pattern-insulated-coffee-mug696509b5-d9f9-40d7-94f3-214f5ef86727.jpg\" \/>\n\t<meta property=\"og:image:width\" content=\"730\" \/>\n\t<meta property=\"og:image:height\" content=\"730\" \/>\n\t<meta property=\"og:image:type\" content=\"image\/jpeg\" \/>\n<meta name=\"twitter:card\" content=\"summary_large_image\" \/>\n<meta name=\"twitter:label1\" content=\"\u01af\u1edbc t\u00ednh th\u1eddi gian \u0111\u1ecdc\" \/>\n\t<meta name=\"twitter:data1\" content=\"6 ph\u00fat\" \/>\n<script type=\"application\/ld+json\" class=\"yoast-schema-graph\">{\"@context\":\"https:\\\/\\\/schema.org\",\"@graph\":[{\"@type\":\"WebPage\",\"@id\":\"https:\\\/\\\/www.dillerbottle.com\\\/th\\\/%e0%b8%aa%e0%b8%b4%e0%b8%99%e0%b8%84%e0%b9%89%e0%b8%b2\\\/%e0%b9%81%e0%b8%81%e0%b9%89%e0%b8%a7%e0%b8%81%e0%b8%b2%e0%b9%81%e0%b8%9f%e0%b9%80%e0%b8%81%e0%b9%87%e0%b8%9a%e0%b8%84%e0%b8%a7%e0%b8%b2%e0%b8%a1%e0%b8%a3%e0%b9%89%e0%b8%ad%e0%b8%99%e0%b8%a5%e0%b8%b2\",\"url\":\"https:\\\/\\\/www.dillerbottle.com\\\/th\\\/%e0%b8%aa%e0%b8%b4%e0%b8%99%e0%b8%84%e0%b9%89%e0%b8%b2\\\/%e0%b9%81%e0%b8%81%e0%b9%89%e0%b8%a7%e0%b8%81%e0%b8%b2%e0%b9%81%e0%b8%9f%e0%b9%80%e0%b8%81%e0%b9%87%e0%b8%9a%e0%b8%84%e0%b8%a7%e0%b8%b2%e0%b8%a1%e0%b8%a3%e0%b9%89%e0%b8%ad%e0%b8%99%e0%b8%a5%e0%b8%b2\",\"name\":\"Tulip Pattern Insulated Coffee Mug - Diller Water Bottle Manufacturer\",\"isPartOf\":{\"@id\":\"https:\\\/\\\/www.dillerbottle.com\\\/#website\"},\"primaryImageOfPage\":{\"@id\":\"https:\\\/\\\/www.dillerbottle.com\\\/th\\\/%e0%b8%aa%e0%b8%b4%e0%b8%99%e0%b8%84%e0%b9%89%e0%b8%b2\\\/%e0%b9%81%e0%b8%81%e0%b9%89%e0%b8%a7%e0%b8%81%e0%b8%b2%e0%b9%81%e0%b8%9f%e0%b9%80%e0%b8%81%e0%b9%87%e0%b8%9a%e0%b8%84%e0%b8%a7%e0%b8%b2%e0%b8%a1%e0%b8%a3%e0%b9%89%e0%b8%ad%e0%b8%99%e0%b8%a5%e0%b8%b2#primaryimage\"},\"image\":{\"@id\":\"https:\\\/\\\/www.dillerbottle.com\\\/th\\\/%e0%b8%aa%e0%b8%b4%e0%b8%99%e0%b8%84%e0%b9%89%e0%b8%b2\\\/%e0%b9%81%e0%b8%81%e0%b9%89%e0%b8%a7%e0%b8%81%e0%b8%b2%e0%b9%81%e0%b8%9f%e0%b9%80%e0%b8%81%e0%b9%87%e0%b8%9a%e0%b8%84%e0%b8%a7%e0%b8%b2%e0%b8%a1%e0%b8%a3%e0%b9%89%e0%b8%ad%e0%b8%99%e0%b8%a5%e0%b8%b2#primaryimage\"},\"thumbnailUrl\":\"https:\\\/\\\/www.dillerbottle.com\\\/wp-content\\\/uploads\\\/2024\\\/09\\\/tulip-pattern-insulated-coffee-mug696509b5-d9f9-40d7-94f3-214f5ef86727.jpg\",\"datePublished\":\"2024-09-29T06:26:02+00:00\",\"dateModified\":\"2025-07-09T08:04:09+00:00\",\"description\":\"As one of the best tulip pattern insulated coffee mug manufacturers and suppliers, we are engaged in manufacturing good quality water bottles. We warmly welcome you to wholesale or buy custom made tulip pattern insulated coffee mug at competitive price from us. Also, small quantity orders are acceptable.\",\"breadcrumb\":{\"@id\":\"https:\\\/\\\/www.dillerbottle.com\\\/th\\\/%e0%b8%aa%e0%b8%b4%e0%b8%99%e0%b8%84%e0%b9%89%e0%b8%b2\\\/%e0%b9%81%e0%b8%81%e0%b9%89%e0%b8%a7%e0%b8%81%e0%b8%b2%e0%b9%81%e0%b8%9f%e0%b9%80%e0%b8%81%e0%b9%87%e0%b8%9a%e0%b8%84%e0%b8%a7%e0%b8%b2%e0%b8%a1%e0%b8%a3%e0%b9%89%e0%b8%ad%e0%b8%99%e0%b8%a5%e0%b8%b2#breadcrumb\"},\"inLanguage\":\"vi\",\"potentialAction\":[{\"@type\":\"ReadAction\",\"target\":[\"https:\\\/\\\/www.dillerbottle.com\\\/th\\\/%e0%b8%aa%e0%b8%b4%e0%b8%99%e0%b8%84%e0%b9%89%e0%b8%b2\\\/%e0%b9%81%e0%b8%81%e0%b9%89%e0%b8%a7%e0%b8%81%e0%b8%b2%e0%b9%81%e0%b8%9f%e0%b9%80%e0%b8%81%e0%b9%87%e0%b8%9a%e0%b8%84%e0%b8%a7%e0%b8%b2%e0%b8%a1%e0%b8%a3%e0%b9%89%e0%b8%ad%e0%b8%99%e0%b8%a5%e0%b8%b2\"]}]},{\"@type\":\"ImageObject\",\"inLanguage\":\"vi\",\"@id\":\"https:\\\/\\\/www.dillerbottle.com\\\/th\\\/%e0%b8%aa%e0%b8%b4%e0%b8%99%e0%b8%84%e0%b9%89%e0%b8%b2\\\/%e0%b9%81%e0%b8%81%e0%b9%89%e0%b8%a7%e0%b8%81%e0%b8%b2%e0%b9%81%e0%b8%9f%e0%b9%80%e0%b8%81%e0%b9%87%e0%b8%9a%e0%b8%84%e0%b8%a7%e0%b8%b2%e0%b8%a1%e0%b8%a3%e0%b9%89%e0%b8%ad%e0%b8%99%e0%b8%a5%e0%b8%b2#primaryimage\",\"url\":\"https:\\\/\\\/www.dillerbottle.com\\\/wp-content\\\/uploads\\\/2024\\\/09\\\/tulip-pattern-insulated-coffee-mug696509b5-d9f9-40d7-94f3-214f5ef86727.jpg\",\"contentUrl\":\"https:\\\/\\\/www.dillerbottle.com\\\/wp-content\\\/uploads\\\/2024\\\/09\\\/tulip-pattern-insulated-coffee-mug696509b5-d9f9-40d7-94f3-214f5ef86727.jpg\",\"width\":730,\"height\":730},{\"@type\":\"BreadcrumbList\",\"@id\":\"https:\\\/\\\/www.dillerbottle.com\\\/th\\\/%e0%b8%aa%e0%b8%b4%e0%b8%99%e0%b8%84%e0%b9%89%e0%b8%b2\\\/%e0%b9%81%e0%b8%81%e0%b9%89%e0%b8%a7%e0%b8%81%e0%b8%b2%e0%b9%81%e0%b8%9f%e0%b9%80%e0%b8%81%e0%b9%87%e0%b8%9a%e0%b8%84%e0%b8%a7%e0%b8%b2%e0%b8%a1%e0%b8%a3%e0%b9%89%e0%b8%ad%e0%b8%99%e0%b8%a5%e0%b8%b2#breadcrumb\",\"itemListElement\":[{\"@type\":\"ListItem\",\"position\":1,\"name\":\"Home\",\"item\":\"https:\\\/\\\/www.dillerbottle.com\\\/\"},{\"@type\":\"ListItem\",\"position\":2,\"name\":\"Products\",\"item\":\"https:\\\/\\\/www.dillerbottle.com\\\/shop\"},{\"@type\":\"ListItem\",\"position\":3,\"name\":\"Tulip Pattern Insulated Coffee Mug\"}]},{\"@type\":\"WebSite\",\"@id\":\"https:\\\/\\\/www.dillerbottle.com\\\/#website\",\"url\":\"https:\\\/\\\/www.dillerbottle.com\\\/\",\"name\":\"Diller Water Bottle Manufacturer\",\"description\":\"Water Bottle Manufacturer\",\"publisher\":{\"@id\":\"https:\\\/\\\/www.dillerbottle.com\\\/#organization\"},\"potentialAction\":[{\"@type\":\"SearchAction\",\"target\":{\"@type\":\"EntryPoint\",\"urlTemplate\":\"https:\\\/\\\/www.dillerbottle.com\\\/?s={search_term_string}\"},\"query-input\":{\"@type\":\"PropertyValueSpecification\",\"valueRequired\":true,\"valueName\":\"search_term_string\"}}],\"inLanguage\":\"vi\"},{\"@type\":\"Organization\",\"@id\":\"https:\\\/\\\/www.dillerbottle.com\\\/#organization\",\"name\":\"Diller Water Bottle Manufacturer\",\"url\":\"https:\\\/\\\/www.dillerbottle.com\\\/\",\"logo\":{\"@type\":\"ImageObject\",\"inLanguage\":\"vi\",\"@id\":\"https:\\\/\\\/www.dillerbottle.com\\\/#\\\/schema\\\/logo\\\/image\\\/\",\"url\":\"https:\\\/\\\/www.dillerbottle.com\\\/wp-content\\\/uploads\\\/2024\\\/09\\\/49918bfa848dcc1e9f8b509933603ac.png\",\"contentUrl\":\"https:\\\/\\\/www.dillerbottle.com\\\/wp-content\\\/uploads\\\/2024\\\/09\\\/49918bfa848dcc1e9f8b509933603ac.png\",\"width\":988,\"height\":198,\"caption\":\"Diller Water Bottle Manufacturer\"},\"image\":{\"@id\":\"https:\\\/\\\/www.dillerbottle.com\\\/#\\\/schema\\\/logo\\\/image\\\/\"}}]}<\/script>\n<!-- \/ Yoast SEO Premium plugin. -->","yoast_head_json":{"title":"C\u1ed1c c\u00e0 ph\u00ea c\u00e1ch nhi\u1ec7t h\u1ecda ti\u1ebft hoa tulip - Nh\u00e0 s\u1ea3n xu\u1ea5t b\u00ecnh n\u01b0\u1edbc Diller","description":"L\u00e0 m\u1ed9t trong nh\u1eefng nh\u00e0 s\u1ea3n xu\u1ea5t v\u00e0 cung c\u1ea5p c\u1ed1c c\u00e0 ph\u00ea c\u00e1ch nhi\u1ec7t h\u1ecda ti\u1ebft hoa tulip t\u1ed1t nh\u1ea5t, ch\u00fang t\u00f4i tham gia s\u1ea3n xu\u1ea5t b\u00ecnh \u0111\u1ef1ng n\u01b0\u1edbc ch\u1ea5t l\u01b0\u1ee3ng t\u1ed1t. Ch\u00fang t\u00f4i n\u1ed3ng nhi\u1ec7t ch\u00e0o \u0111\u00f3n b\u1ea1n \u0111\u1ebfn b\u00e1n bu\u00f4n ho\u1eb7c mua c\u1ed1c c\u00e0 ph\u00ea c\u00e1ch nhi\u1ec7t h\u1ecda ti\u1ebft hoa tulip t\u00f9y ch\u1ec9nh v\u1edbi gi\u00e1 c\u1ea3 c\u1ea1nh tranh t\u1eeb ch\u00fang t\u00f4i. Ngo\u00e0i ra, ch\u00fang t\u00f4i c\u0169ng ch\u1ea5p nh\u1eadn \u0111\u01a1n \u0111\u1eb7t h\u00e0ng s\u1ed1 l\u01b0\u1ee3ng nh\u1ecf.","robots":{"index":"index","follow":"follow","max-snippet":"max-snippet:-1","max-image-preview":"max-image-preview:large","max-video-preview":"max-video-preview:-1"},"canonical":"https:\/\/www.dillerbottle.com\/vn\/cac-san-pham\/coc-ca-phe-cach-nhiet-hoa-tiet-hoa-tulip","og_locale":"vi_VN","og_type":"article","og_title":"Tulip Pattern Insulated Coffee Mug","og_description":"As one of the best tulip pattern insulated coffee mug manufacturers and suppliers, we are engaged in manufacturing good quality water bottles. We warmly welcome you to wholesale or buy custom made tulip pattern insulated coffee mug at competitive price from us. Also, small quantity orders are acceptable.","og_url":"https:\/\/www.dillerbottle.com\/vn\/cac-san-pham\/coc-ca-phe-cach-nhiet-hoa-tiet-hoa-tulip","og_site_name":"Diller Water Bottle Manufacturer","article_modified_time":"2025-07-09T08:04:09+00:00","og_image":[{"width":730,"height":730,"url":"https:\/\/www.dillerbottle.com\/wp-content\/uploads\/2024\/09\/tulip-pattern-insulated-coffee-mug696509b5-d9f9-40d7-94f3-214f5ef86727.jpg","type":"image\/jpeg"}],"twitter_card":"summary_large_image","twitter_misc":{"\u01af\u1edbc t\u00ednh th\u1eddi gian \u0111\u1ecdc":"6 ph\u00fat"},"schema":{"@context":"https:\/\/schema.org","@graph":[{"@type":"WebPage","@id":"https:\/\/www.dillerbottle.com\/th\/%e0%b8%aa%e0%b8%b4%e0%b8%99%e0%b8%84%e0%b9%89%e0%b8%b2\/%e0%b9%81%e0%b8%81%e0%b9%89%e0%b8%a7%e0%b8%81%e0%b8%b2%e0%b9%81%e0%b8%9f%e0%b9%80%e0%b8%81%e0%b9%87%e0%b8%9a%e0%b8%84%e0%b8%a7%e0%b8%b2%e0%b8%a1%e0%b8%a3%e0%b9%89%e0%b8%ad%e0%b8%99%e0%b8%a5%e0%b8%b2","url":"https:\/\/www.dillerbottle.com\/th\/%e0%b8%aa%e0%b8%b4%e0%b8%99%e0%b8%84%e0%b9%89%e0%b8%b2\/%e0%b9%81%e0%b8%81%e0%b9%89%e0%b8%a7%e0%b8%81%e0%b8%b2%e0%b9%81%e0%b8%9f%e0%b9%80%e0%b8%81%e0%b9%87%e0%b8%9a%e0%b8%84%e0%b8%a7%e0%b8%b2%e0%b8%a1%e0%b8%a3%e0%b9%89%e0%b8%ad%e0%b8%99%e0%b8%a5%e0%b8%b2","name":"C\u1ed1c c\u00e0 ph\u00ea c\u00e1ch nhi\u1ec7t h\u1ecda ti\u1ebft hoa tulip - Nh\u00e0 s\u1ea3n xu\u1ea5t b\u00ecnh n\u01b0\u1edbc Diller","isPartOf":{"@id":"https:\/\/www.dillerbottle.com\/#website"},"primaryImageOfPage":{"@id":"https:\/\/www.dillerbottle.com\/th\/%e0%b8%aa%e0%b8%b4%e0%b8%99%e0%b8%84%e0%b9%89%e0%b8%b2\/%e0%b9%81%e0%b8%81%e0%b9%89%e0%b8%a7%e0%b8%81%e0%b8%b2%e0%b9%81%e0%b8%9f%e0%b9%80%e0%b8%81%e0%b9%87%e0%b8%9a%e0%b8%84%e0%b8%a7%e0%b8%b2%e0%b8%a1%e0%b8%a3%e0%b9%89%e0%b8%ad%e0%b8%99%e0%b8%a5%e0%b8%b2#primaryimage"},"image":{"@id":"https:\/\/www.dillerbottle.com\/th\/%e0%b8%aa%e0%b8%b4%e0%b8%99%e0%b8%84%e0%b9%89%e0%b8%b2\/%e0%b9%81%e0%b8%81%e0%b9%89%e0%b8%a7%e0%b8%81%e0%b8%b2%e0%b9%81%e0%b8%9f%e0%b9%80%e0%b8%81%e0%b9%87%e0%b8%9a%e0%b8%84%e0%b8%a7%e0%b8%b2%e0%b8%a1%e0%b8%a3%e0%b9%89%e0%b8%ad%e0%b8%99%e0%b8%a5%e0%b8%b2#primaryimage"},"thumbnailUrl":"https:\/\/www.dillerbottle.com\/wp-content\/uploads\/2024\/09\/tulip-pattern-insulated-coffee-mug696509b5-d9f9-40d7-94f3-214f5ef86727.jpg","datePublished":"2024-09-29T06:26:02+00:00","dateModified":"2025-07-09T08:04:09+00:00","description":"L\u00e0 m\u1ed9t trong nh\u1eefng nh\u00e0 s\u1ea3n xu\u1ea5t v\u00e0 cung c\u1ea5p c\u1ed1c c\u00e0 ph\u00ea c\u00e1ch nhi\u1ec7t h\u1ecda ti\u1ebft hoa tulip t\u1ed1t nh\u1ea5t, ch\u00fang t\u00f4i tham gia s\u1ea3n xu\u1ea5t b\u00ecnh \u0111\u1ef1ng n\u01b0\u1edbc ch\u1ea5t l\u01b0\u1ee3ng t\u1ed1t. Ch\u00fang t\u00f4i n\u1ed3ng nhi\u1ec7t ch\u00e0o \u0111\u00f3n b\u1ea1n \u0111\u1ebfn b\u00e1n bu\u00f4n ho\u1eb7c mua c\u1ed1c c\u00e0 ph\u00ea c\u00e1ch nhi\u1ec7t h\u1ecda ti\u1ebft hoa tulip t\u00f9y ch\u1ec9nh v\u1edbi gi\u00e1 c\u1ea3 c\u1ea1nh tranh t\u1eeb ch\u00fang t\u00f4i. Ngo\u00e0i ra, ch\u00fang t\u00f4i c\u0169ng ch\u1ea5p nh\u1eadn \u0111\u01a1n \u0111\u1eb7t h\u00e0ng s\u1ed1 l\u01b0\u1ee3ng nh\u1ecf.","breadcrumb":{"@id":"https:\/\/www.dillerbottle.com\/th\/%e0%b8%aa%e0%b8%b4%e0%b8%99%e0%b8%84%e0%b9%89%e0%b8%b2\/%e0%b9%81%e0%b8%81%e0%b9%89%e0%b8%a7%e0%b8%81%e0%b8%b2%e0%b9%81%e0%b8%9f%e0%b9%80%e0%b8%81%e0%b9%87%e0%b8%9a%e0%b8%84%e0%b8%a7%e0%b8%b2%e0%b8%a1%e0%b8%a3%e0%b9%89%e0%b8%ad%e0%b8%99%e0%b8%a5%e0%b8%b2#breadcrumb"},"inLanguage":"vi","potentialAction":[{"@type":"ReadAction","target":["https:\/\/www.dillerbottle.com\/th\/%e0%b8%aa%e0%b8%b4%e0%b8%99%e0%b8%84%e0%b9%89%e0%b8%b2\/%e0%b9%81%e0%b8%81%e0%b9%89%e0%b8%a7%e0%b8%81%e0%b8%b2%e0%b9%81%e0%b8%9f%e0%b9%80%e0%b8%81%e0%b9%87%e0%b8%9a%e0%b8%84%e0%b8%a7%e0%b8%b2%e0%b8%a1%e0%b8%a3%e0%b9%89%e0%b8%ad%e0%b8%99%e0%b8%a5%e0%b8%b2"]}]},{"@type":"ImageObject","inLanguage":"vi","@id":"https:\/\/www.dillerbottle.com\/th\/%e0%b8%aa%e0%b8%b4%e0%b8%99%e0%b8%84%e0%b9%89%e0%b8%b2\/%e0%b9%81%e0%b8%81%e0%b9%89%e0%b8%a7%e0%b8%81%e0%b8%b2%e0%b9%81%e0%b8%9f%e0%b9%80%e0%b8%81%e0%b9%87%e0%b8%9a%e0%b8%84%e0%b8%a7%e0%b8%b2%e0%b8%a1%e0%b8%a3%e0%b9%89%e0%b8%ad%e0%b8%99%e0%b8%a5%e0%b8%b2#primaryimage","url":"https:\/\/www.dillerbottle.com\/wp-content\/uploads\/2024\/09\/tulip-pattern-insulated-coffee-mug696509b5-d9f9-40d7-94f3-214f5ef86727.jpg","contentUrl":"https:\/\/www.dillerbottle.com\/wp-content\/uploads\/2024\/09\/tulip-pattern-insulated-coffee-mug696509b5-d9f9-40d7-94f3-214f5ef86727.jpg","width":730,"height":730},{"@type":"BreadcrumbList","@id":"https:\/\/www.dillerbottle.com\/th\/%e0%b8%aa%e0%b8%b4%e0%b8%99%e0%b8%84%e0%b9%89%e0%b8%b2\/%e0%b9%81%e0%b8%81%e0%b9%89%e0%b8%a7%e0%b8%81%e0%b8%b2%e0%b9%81%e0%b8%9f%e0%b9%80%e0%b8%81%e0%b9%87%e0%b8%9a%e0%b8%84%e0%b8%a7%e0%b8%b2%e0%b8%a1%e0%b8%a3%e0%b9%89%e0%b8%ad%e0%b8%99%e0%b8%a5%e0%b8%b2#breadcrumb","itemListElement":[{"@type":"ListItem","position":1,"name":"Home","item":"https:\/\/www.dillerbottle.com\/"},{"@type":"ListItem","position":2,"name":"Products","item":"https:\/\/www.dillerbottle.com\/shop"},{"@type":"ListItem","position":3,"name":"Tulip Pattern Insulated Coffee Mug"}]},{"@type":"WebSite","@id":"https:\/\/www.dillerbottle.com\/#website","url":"https:\/\/www.dillerbottle.com\/","name":"Nh\u00e0 s\u1ea3n xu\u1ea5t b\u00ecnh n\u01b0\u1edbc Diller","description":"Nh\u00e0 s\u1ea3n xu\u1ea5t b\u00ecnh n\u01b0\u1edbc","publisher":{"@id":"https:\/\/www.dillerbottle.com\/#organization"},"potentialAction":[{"@type":"SearchAction","target":{"@type":"EntryPoint","urlTemplate":"https:\/\/www.dillerbottle.com\/?s={search_term_string}"},"query-input":{"@type":"PropertyValueSpecification","valueRequired":true,"valueName":"search_term_string"}}],"inLanguage":"vi"},{"@type":"Organization","@id":"https:\/\/www.dillerbottle.com\/#organization","name":"Nh\u00e0 s\u1ea3n xu\u1ea5t b\u00ecnh n\u01b0\u1edbc Diller","url":"https:\/\/www.dillerbottle.com\/","logo":{"@type":"ImageObject","inLanguage":"vi","@id":"https:\/\/www.dillerbottle.com\/#\/schema\/logo\/image\/","url":"https:\/\/www.dillerbottle.com\/wp-content\/uploads\/2024\/09\/49918bfa848dcc1e9f8b509933603ac.png","contentUrl":"https:\/\/www.dillerbottle.com\/wp-content\/uploads\/2024\/09\/49918bfa848dcc1e9f8b509933603ac.png","width":988,"height":198,"caption":"Diller Water Bottle Manufacturer"},"image":{"@id":"https:\/\/www.dillerbottle.com\/#\/schema\/logo\/image\/"}}]}},"_links":{"self":[{"href":"https:\/\/www.dillerbottle.com\/vn\/wp-json\/wp\/v2\/product\/9011","targetHints":{"allow":["GET"]}}],"collection":[{"href":"https:\/\/www.dillerbottle.com\/vn\/wp-json\/wp\/v2\/product"}],"about":[{"href":"https:\/\/www.dillerbottle.com\/vn\/wp-json\/wp\/v2\/types\/product"}],"replies":[{"embeddable":true,"href":"https:\/\/www.dillerbottle.com\/vn\/wp-json\/wp\/v2\/comments?post=9011"}],"wp:featuredmedia":[{"embeddable":true,"href":"https:\/\/www.dillerbottle.com\/vn\/wp-json\/wp\/v2\/media\/9012"}],"wp:attachment":[{"href":"https:\/\/www.dillerbottle.com\/vn\/wp-json\/wp\/v2\/media?parent=9011"}],"wp:term":[{"taxonomy":"product_brand","embeddable":true,"href":"https:\/\/www.dillerbottle.com\/vn\/wp-json\/wp\/v2\/product_brand?post=9011"},{"taxonomy":"product_cat","embeddable":true,"href":"https:\/\/www.dillerbottle.com\/vn\/wp-json\/wp\/v2\/product_cat?post=9011"},{"taxonomy":"product_tag","embeddable":true,"href":"https:\/\/www.dillerbottle.com\/vn\/wp-json\/wp\/v2\/product_tag?post=9011"}],"curies":[{"name":"wp","href":"https:\/\/api.w.org\/{rel}","templated":true}]}}