{"id":9260,"date":"2024-09-29T14:28:59","date_gmt":"2024-09-29T06:28:59","guid":{"rendered":"https:\/\/demo.dillerbottle.com\/products\/ceramic-coating-insulated-coffee-mugs"},"modified":"2025-07-09T16:03:00","modified_gmt":"2025-07-09T08:03:00","slug":"coc-ca-phe-cach-nhiet-phu-gom","status":"publish","type":"product","link":"https:\/\/www.dillerbottle.com\/vn\/products\/ceramic-coating-insulated-coffee-mugs","title":{"rendered":"C\u1ed1c c\u00e0 ph\u00ea c\u00e1ch nhi\u1ec7t ph\u1ee7 g\u1ed1m"},"content":{"rendered":"<p>1. C\u1ed1c c\u00e0 ph\u00ea c\u00e1ch nhi\u1ec7t ph\u1ee7 g\u1ed1m n\u00e0y \u0111\u01b0\u1ee3c l\u00e0m t\u1eeb th\u00e9p kh\u00f4ng g\u1ec9 316 th\u00e0nh \u0111\u00f4i b\u1ec1n; \u0110\u01b0\u1ee3c c\u00e1ch nhi\u1ec7t ch\u00e2n kh\u00f4ng, c\u1ed1c du l\u1ecbch gi\u1eef nhi\u1ec7t c\u1ee7a ch\u00fang t\u00f4i c\u00f3 th\u1ec3 gi\u1eef \u0111\u1ed3 u\u1ed1ng n\u00f3ng ho\u1eb7c l\u1ea1nh t\u1edbi 8 gi\u1edd.; L\u1edbp l\u00f3t b\u00ean trong \u0111\u01b0\u1ee3c ph\u1ee7 g\u1ed1m, c\u00f3 kh\u1ea3 n\u0103ng ch\u1ed1ng \u0103n m\u00f2n t\u1ed1t h\u01a1n.<\/p>\n<p>2. N\u1eafp l\u1eadt ch\u1ed1ng tr\u00e0n \u0111\u01a1n gi\u1ea3n, an to\u00e0n v\u00e0 d\u1ec5 d\u00e0ng s\u1eed d\u1ee5ng b\u1eb1ng m\u1ed9t tay. Thi\u1ebft k\u1ebf th\u00e2n h\u1eb9p gi\u00fap d\u1ec5 d\u00e0ng c\u1ea7m v\u00e0 mang \u0111i, c\u0169ng ph\u00f9 h\u1ee3p v\u1edbi h\u1ea7u h\u1ebft c\u00e1c gi\u00e1 \u0111\u1ec3 c\u1ed1c v\u00e0 m\u00e1y pha c\u00e0 ph\u00ea tr\u00ean \u00f4 t\u00f4.<\/p>\n<p>3. \u0110\u1ebf silicon ph\u1ee7 l\u1edbp g\u1ed1m c\u00e1ch nhi\u1ec7t, t\u1ea1o th\u00e0nh \u0111\u00e1y ch\u1ed1ng tr\u01b0\u1ee3t gi\u00fap c\u1ed1c c\u00e0 ph\u00ea kh\u00f4ng b\u1ecb tr\u01b0\u1ee3t.;<\/p>\n<p>4. V\u00f2ng \u0111\u1ec7m silicon t\u00edch h\u1ee3p, ch\u1ed1ng r\u00f2 r\u1ec9 hi\u1ec7u qu\u1ea3, kh\u00f4ng s\u1ee3 \u0111\u1eb7t 360\u00b0.<\/p>\n<p>Ch\u1ea5p nh\u1eadn OEM v\u00e0 ODM.<br \/>\nCh\u00fang t\u00f4i c\u00f3 th\u1ec3 t\u00f9y ch\u1ec9nh c\u1ed1c theo y\u00eau c\u1ea7u c\u1ee7a b\u1ea1n.<br \/>\nCh\u00e0o m\u1eebng b\u1ea1n \u0111\u1ebfn mua s\u1ec9, h\u00e3y g\u1eedi y\u00eau c\u1ea7u ngay!<\/p>\n<p><iframe title=\"C\u1ed1c c\u00e0 ph\u00ea ph\u1ee7 g\u1ed1m th\u00e2n thi\u1ec7n v\u1edbi m\u00f4i tr\u01b0\u1eddng, c\u1ed1c du l\u1ecbch, b\u00ecnh \u0111\u1ef1ng n\u01b0\u1edbc c\u00e1ch nhi\u1ec7t c\u00f3 logo t\u00f9y ch\u1ec9nh MLH9096\" width=\"800\" height=\"450\" src=\"https:\/\/www.youtube.com\/embed\/i2MGTK9UIA0?feature=oembed\" frameborder=\"0\" allow=\"accelerometer; autoplay; clipboard-write; encrypted-media; gyroscope; picture-in-picture; web-share\" referrerpolicy=\"strict-origin-when-cross-origin\" allowfullscreen><\/iframe><\/p>","protected":false},"excerpt":{"rendered":"<p>C\u1ed1c c\u00e0 ph\u00ea c\u00e1ch nhi\u1ec7t ph\u1ee7 g\u1ed1m n\u00e0y \u0111\u01b0\u1ee3c l\u00e0m t\u1eeb th\u00e9p kh\u00f4ng g\u1ec9 316 b\u1ec1n ch\u1eafc.<br \/>\nB\u00ecnh n\u01b0\u1edbc gi\u1eef nhi\u1ec7t n\u00e0y c\u00f3 th\u1ec3 gi\u1eef n\u01b0\u1edbc n\u00f3ng ho\u1eb7c n\u01b0\u1edbc \u0111\u00e1 trong v\u00f2ng 6-12 gi\u1edd.<br \/>\nL\u1edbp l\u00f3t b\u00ean trong \u0111\u01b0\u1ee3c ph\u1ee7 g\u1ed1m, c\u00f3 kh\u1ea3 n\u0103ng ch\u1ed1ng \u0103n m\u00f2n t\u1ed1t h\u01a1n.<br \/>\nN\u1eafp l\u1eadt ch\u1ed1ng tr\u00e0n \u0111\u01a1n gi\u1ea3n, an to\u00e0n v\u00e0 d\u1ec5 d\u00e0ng s\u1eed d\u1ee5ng b\u1eb1ng m\u1ed9t tay.<br \/>\nCh\u1ea5p nh\u1eadn OEM v\u00e0 ODM.<br \/>\nCh\u00fang t\u00f4i c\u00f3 th\u1ec3 t\u00f9y ch\u1ec9nh b\u00ecnh gi\u1eef nhi\u1ec7t kim lo\u1ea1i theo y\u00eau c\u1ea7u c\u1ee7a b\u1ea1n.<br \/>\nCh\u00e0o m\u1eebng b\u1ea1n \u0111\u1ebfn mua s\u1ec9, h\u00e3y g\u1eedi y\u00eau c\u1ea7u ngay!<\/p>","protected":false},"featured_media":9261,"comment_status":"open","ping_status":"closed","template":"","meta":{"_acf_changed":false},"product_brand":[],"product_cat":[18],"product_tag":[32,36,33,818,31,733,39,38,769,29,37,523,34,35,712,505,28,692,30],"class_list":{"0":"post-9260","1":"product","2":"type-product","3":"status-publish","4":"has-post-thumbnail","6":"product_cat-insulated-water-bottle","7":"product_tag-best","8":"product_tag-bulk","9":"product_tag-buy","10":"product_tag-ceramic-coating-insulated-coffee-mugs","11":"product_tag-custom","12":"product_tag-custom-water-bottle-logo","13":"product_tag-for-sale","14":"product_tag-good-quality","15":"product_tag-lid-double-wall-304-stainless-steel-water-bottle","16":"product_tag-manufacturers","17":"product_tag-manufacturing","18":"product_tag-outdoor-water-bottle","19":"product_tag-price","20":"product_tag-small","21":"product_tag-steel-vacuum-water-sport-bottles-with-handle","22":"product_tag-sublimation-water-bottle","23":"product_tag-suppliers","24":"product_tag-vacuum-sports-stainless-steel-sport-water-bottle","25":"product_tag-wholesale","27":"first","28":"instock","29":"shipping-taxable","30":"product-type-simple"},"acf":[],"yoast_head":"<!-- This site is optimized with the Yoast SEO Premium plugin v27.4 (Yoast SEO v27.4) - https:\/\/yoast.com\/product\/yoast-seo-premium-wordpress\/ -->\n<title>Ceramic Coating Insulated Coffee Mugs - Diller Water Bottle Manufacturer<\/title>\n<meta name=\"description\" content=\"As one of the best ceramic coating insulated coffee mugs manufacturers and suppliers, we are engaged in manufacturing good quality water bottles. We warmly welcome you to wholesale or buy custom made ceramic coating insulated coffee mugs at competitive price from us. Also, small quantity orders are acceptable.\" \/>\n<meta name=\"robots\" content=\"index, follow, max-snippet:-1, max-image-preview:large, max-video-preview:-1\" \/>\n<link rel=\"canonical\" href=\"https:\/\/www.dillerbottle.com\/vn\/cac-san-pham\/coc-ca-phe-cach-nhiet-phu-gom\" \/>\n<meta property=\"og:locale\" content=\"vi_VN\" \/>\n<meta property=\"og:type\" content=\"article\" \/>\n<meta property=\"og:title\" content=\"Ceramic Coating Insulated Coffee Mugs\" \/>\n<meta property=\"og:description\" content=\"As one of the best ceramic coating insulated coffee mugs manufacturers and suppliers, we are engaged in manufacturing good quality water bottles. We warmly welcome you to wholesale or buy custom made ceramic coating insulated coffee mugs at competitive price from us. Also, small quantity orders are acceptable.\" \/>\n<meta property=\"og:url\" content=\"https:\/\/www.dillerbottle.com\/vn\/cac-san-pham\/coc-ca-phe-cach-nhiet-phu-gom\" \/>\n<meta property=\"og:site_name\" content=\"Diller Water Bottle Manufacturer\" \/>\n<meta property=\"article:modified_time\" content=\"2025-07-09T08:03:00+00:00\" \/>\n<meta property=\"og:image\" content=\"https:\/\/www.dillerbottle.com\/wp-content\/uploads\/2024\/09\/ceramic-coating-insulated-coffee-mugs5db34a12-6476-4296-827b-362836c43bb1.jpg\" \/>\n\t<meta property=\"og:image:width\" content=\"730\" \/>\n\t<meta property=\"og:image:height\" content=\"730\" \/>\n\t<meta property=\"og:image:type\" content=\"image\/jpeg\" \/>\n<meta name=\"twitter:card\" content=\"summary_large_image\" \/>\n<meta name=\"twitter:label1\" content=\"\u01af\u1edbc t\u00ednh th\u1eddi gian \u0111\u1ecdc\" \/>\n\t<meta name=\"twitter:data1\" content=\"6 ph\u00fat\" \/>\n<script type=\"application\/ld+json\" class=\"yoast-schema-graph\">{\"@context\":\"https:\\\/\\\/schema.org\",\"@graph\":[{\"@type\":\"WebPage\",\"@id\":\"https:\\\/\\\/www.dillerbottle.com\\\/nl\\\/producten\\\/keramische-coating-geisoleerde-koffiemokken\",\"url\":\"https:\\\/\\\/www.dillerbottle.com\\\/nl\\\/producten\\\/keramische-coating-geisoleerde-koffiemokken\",\"name\":\"Ceramic Coating Insulated Coffee Mugs - Diller Water Bottle Manufacturer\",\"isPartOf\":{\"@id\":\"https:\\\/\\\/www.dillerbottle.com\\\/#website\"},\"primaryImageOfPage\":{\"@id\":\"https:\\\/\\\/www.dillerbottle.com\\\/nl\\\/producten\\\/keramische-coating-geisoleerde-koffiemokken#primaryimage\"},\"image\":{\"@id\":\"https:\\\/\\\/www.dillerbottle.com\\\/nl\\\/producten\\\/keramische-coating-geisoleerde-koffiemokken#primaryimage\"},\"thumbnailUrl\":\"https:\\\/\\\/www.dillerbottle.com\\\/wp-content\\\/uploads\\\/2024\\\/09\\\/ceramic-coating-insulated-coffee-mugs5db34a12-6476-4296-827b-362836c43bb1.jpg\",\"datePublished\":\"2024-09-29T06:28:59+00:00\",\"dateModified\":\"2025-07-09T08:03:00+00:00\",\"description\":\"As one of the best ceramic coating insulated coffee mugs manufacturers and suppliers, we are engaged in manufacturing good quality water bottles. We warmly welcome you to wholesale or buy custom made ceramic coating insulated coffee mugs at competitive price from us. Also, small quantity orders are acceptable.\",\"breadcrumb\":{\"@id\":\"https:\\\/\\\/www.dillerbottle.com\\\/nl\\\/producten\\\/keramische-coating-geisoleerde-koffiemokken#breadcrumb\"},\"inLanguage\":\"vi\",\"potentialAction\":[{\"@type\":\"ReadAction\",\"target\":[\"https:\\\/\\\/www.dillerbottle.com\\\/nl\\\/producten\\\/keramische-coating-geisoleerde-koffiemokken\"]}]},{\"@type\":\"ImageObject\",\"inLanguage\":\"vi\",\"@id\":\"https:\\\/\\\/www.dillerbottle.com\\\/nl\\\/producten\\\/keramische-coating-geisoleerde-koffiemokken#primaryimage\",\"url\":\"https:\\\/\\\/www.dillerbottle.com\\\/wp-content\\\/uploads\\\/2024\\\/09\\\/ceramic-coating-insulated-coffee-mugs5db34a12-6476-4296-827b-362836c43bb1.jpg\",\"contentUrl\":\"https:\\\/\\\/www.dillerbottle.com\\\/wp-content\\\/uploads\\\/2024\\\/09\\\/ceramic-coating-insulated-coffee-mugs5db34a12-6476-4296-827b-362836c43bb1.jpg\",\"width\":730,\"height\":730},{\"@type\":\"BreadcrumbList\",\"@id\":\"https:\\\/\\\/www.dillerbottle.com\\\/nl\\\/producten\\\/keramische-coating-geisoleerde-koffiemokken#breadcrumb\",\"itemListElement\":[{\"@type\":\"ListItem\",\"position\":1,\"name\":\"Home\",\"item\":\"https:\\\/\\\/www.dillerbottle.com\\\/\"},{\"@type\":\"ListItem\",\"position\":2,\"name\":\"Products\",\"item\":\"https:\\\/\\\/www.dillerbottle.com\\\/shop\"},{\"@type\":\"ListItem\",\"position\":3,\"name\":\"Ceramic Coating Insulated Coffee Mugs\"}]},{\"@type\":\"WebSite\",\"@id\":\"https:\\\/\\\/www.dillerbottle.com\\\/#website\",\"url\":\"https:\\\/\\\/www.dillerbottle.com\\\/\",\"name\":\"Diller Water Bottle Manufacturer\",\"description\":\"Water Bottle Manufacturer\",\"publisher\":{\"@id\":\"https:\\\/\\\/www.dillerbottle.com\\\/#organization\"},\"potentialAction\":[{\"@type\":\"SearchAction\",\"target\":{\"@type\":\"EntryPoint\",\"urlTemplate\":\"https:\\\/\\\/www.dillerbottle.com\\\/?s={search_term_string}\"},\"query-input\":{\"@type\":\"PropertyValueSpecification\",\"valueRequired\":true,\"valueName\":\"search_term_string\"}}],\"inLanguage\":\"vi\"},{\"@type\":\"Organization\",\"@id\":\"https:\\\/\\\/www.dillerbottle.com\\\/#organization\",\"name\":\"Diller Water Bottle Manufacturer\",\"url\":\"https:\\\/\\\/www.dillerbottle.com\\\/\",\"logo\":{\"@type\":\"ImageObject\",\"inLanguage\":\"vi\",\"@id\":\"https:\\\/\\\/www.dillerbottle.com\\\/#\\\/schema\\\/logo\\\/image\\\/\",\"url\":\"https:\\\/\\\/www.dillerbottle.com\\\/wp-content\\\/uploads\\\/2024\\\/09\\\/49918bfa848dcc1e9f8b509933603ac.png\",\"contentUrl\":\"https:\\\/\\\/www.dillerbottle.com\\\/wp-content\\\/uploads\\\/2024\\\/09\\\/49918bfa848dcc1e9f8b509933603ac.png\",\"width\":988,\"height\":198,\"caption\":\"Diller Water Bottle Manufacturer\"},\"image\":{\"@id\":\"https:\\\/\\\/www.dillerbottle.com\\\/#\\\/schema\\\/logo\\\/image\\\/\"}}]}<\/script>\n<!-- \/ Yoast SEO Premium plugin. -->","yoast_head_json":{"title":"C\u1ed1c c\u00e0 ph\u00ea c\u00e1ch nhi\u1ec7t ph\u1ee7 g\u1ed1m - Nh\u00e0 s\u1ea3n xu\u1ea5t b\u00ecnh n\u01b0\u1edbc Diller","description":"L\u00e0 m\u1ed9t trong nh\u1eefng nh\u00e0 s\u1ea3n xu\u1ea5t v\u00e0 cung c\u1ea5p c\u1ed1c c\u00e0 ph\u00ea c\u00e1ch nhi\u1ec7t ph\u1ee7 g\u1ed1m t\u1ed1t nh\u1ea5t, ch\u00fang t\u00f4i tham gia s\u1ea3n xu\u1ea5t b\u00ecnh \u0111\u1ef1ng n\u01b0\u1edbc ch\u1ea5t l\u01b0\u1ee3ng t\u1ed1t. Ch\u00fang t\u00f4i n\u1ed3ng nhi\u1ec7t ch\u00e0o \u0111\u00f3n b\u1ea1n \u0111\u1ebfn b\u00e1n bu\u00f4n ho\u1eb7c mua c\u1ed1c c\u00e0 ph\u00ea c\u00e1ch nhi\u1ec7t ph\u1ee7 g\u1ed1m t\u00f9y ch\u1ec9nh v\u1edbi gi\u00e1 c\u1ea1nh tranh t\u1eeb ch\u00fang t\u00f4i. Ngo\u00e0i ra, ch\u00fang t\u00f4i ch\u1ea5p nh\u1eadn \u0111\u01a1n \u0111\u1eb7t h\u00e0ng s\u1ed1 l\u01b0\u1ee3ng nh\u1ecf.","robots":{"index":"index","follow":"follow","max-snippet":"max-snippet:-1","max-image-preview":"max-image-preview:large","max-video-preview":"max-video-preview:-1"},"canonical":"https:\/\/www.dillerbottle.com\/vn\/cac-san-pham\/coc-ca-phe-cach-nhiet-phu-gom","og_locale":"vi_VN","og_type":"article","og_title":"Ceramic Coating Insulated Coffee Mugs","og_description":"As one of the best ceramic coating insulated coffee mugs manufacturers and suppliers, we are engaged in manufacturing good quality water bottles. We warmly welcome you to wholesale or buy custom made ceramic coating insulated coffee mugs at competitive price from us. Also, small quantity orders are acceptable.","og_url":"https:\/\/www.dillerbottle.com\/vn\/cac-san-pham\/coc-ca-phe-cach-nhiet-phu-gom","og_site_name":"Diller Water Bottle Manufacturer","article_modified_time":"2025-07-09T08:03:00+00:00","og_image":[{"width":730,"height":730,"url":"https:\/\/www.dillerbottle.com\/wp-content\/uploads\/2024\/09\/ceramic-coating-insulated-coffee-mugs5db34a12-6476-4296-827b-362836c43bb1.jpg","type":"image\/jpeg"}],"twitter_card":"summary_large_image","twitter_misc":{"\u01af\u1edbc t\u00ednh th\u1eddi gian \u0111\u1ecdc":"6 ph\u00fat"},"schema":{"@context":"https:\/\/schema.org","@graph":[{"@type":"WebPage","@id":"https:\/\/www.dillerbottle.com\/nl\/producten\/keramische-coating-geisoleerde-koffiemokken","url":"https:\/\/www.dillerbottle.com\/nl\/producten\/keramische-coating-geisoleerde-koffiemokken","name":"C\u1ed1c c\u00e0 ph\u00ea c\u00e1ch nhi\u1ec7t ph\u1ee7 g\u1ed1m - Nh\u00e0 s\u1ea3n xu\u1ea5t b\u00ecnh n\u01b0\u1edbc Diller","isPartOf":{"@id":"https:\/\/www.dillerbottle.com\/#website"},"primaryImageOfPage":{"@id":"https:\/\/www.dillerbottle.com\/nl\/producten\/keramische-coating-geisoleerde-koffiemokken#primaryimage"},"image":{"@id":"https:\/\/www.dillerbottle.com\/nl\/producten\/keramische-coating-geisoleerde-koffiemokken#primaryimage"},"thumbnailUrl":"https:\/\/www.dillerbottle.com\/wp-content\/uploads\/2024\/09\/ceramic-coating-insulated-coffee-mugs5db34a12-6476-4296-827b-362836c43bb1.jpg","datePublished":"2024-09-29T06:28:59+00:00","dateModified":"2025-07-09T08:03:00+00:00","description":"L\u00e0 m\u1ed9t trong nh\u1eefng nh\u00e0 s\u1ea3n xu\u1ea5t v\u00e0 cung c\u1ea5p c\u1ed1c c\u00e0 ph\u00ea c\u00e1ch nhi\u1ec7t ph\u1ee7 g\u1ed1m t\u1ed1t nh\u1ea5t, ch\u00fang t\u00f4i tham gia s\u1ea3n xu\u1ea5t b\u00ecnh \u0111\u1ef1ng n\u01b0\u1edbc ch\u1ea5t l\u01b0\u1ee3ng t\u1ed1t. Ch\u00fang t\u00f4i n\u1ed3ng nhi\u1ec7t ch\u00e0o \u0111\u00f3n b\u1ea1n \u0111\u1ebfn b\u00e1n bu\u00f4n ho\u1eb7c mua c\u1ed1c c\u00e0 ph\u00ea c\u00e1ch nhi\u1ec7t ph\u1ee7 g\u1ed1m t\u00f9y ch\u1ec9nh v\u1edbi gi\u00e1 c\u1ea1nh tranh t\u1eeb ch\u00fang t\u00f4i. Ngo\u00e0i ra, ch\u00fang t\u00f4i ch\u1ea5p nh\u1eadn \u0111\u01a1n \u0111\u1eb7t h\u00e0ng s\u1ed1 l\u01b0\u1ee3ng nh\u1ecf.","breadcrumb":{"@id":"https:\/\/www.dillerbottle.com\/nl\/producten\/keramische-coating-geisoleerde-koffiemokken#breadcrumb"},"inLanguage":"vi","potentialAction":[{"@type":"ReadAction","target":["https:\/\/www.dillerbottle.com\/nl\/producten\/keramische-coating-geisoleerde-koffiemokken"]}]},{"@type":"ImageObject","inLanguage":"vi","@id":"https:\/\/www.dillerbottle.com\/nl\/producten\/keramische-coating-geisoleerde-koffiemokken#primaryimage","url":"https:\/\/www.dillerbottle.com\/wp-content\/uploads\/2024\/09\/ceramic-coating-insulated-coffee-mugs5db34a12-6476-4296-827b-362836c43bb1.jpg","contentUrl":"https:\/\/www.dillerbottle.com\/wp-content\/uploads\/2024\/09\/ceramic-coating-insulated-coffee-mugs5db34a12-6476-4296-827b-362836c43bb1.jpg","width":730,"height":730},{"@type":"BreadcrumbList","@id":"https:\/\/www.dillerbottle.com\/nl\/producten\/keramische-coating-geisoleerde-koffiemokken#breadcrumb","itemListElement":[{"@type":"ListItem","position":1,"name":"Home","item":"https:\/\/www.dillerbottle.com\/"},{"@type":"ListItem","position":2,"name":"Products","item":"https:\/\/www.dillerbottle.com\/shop"},{"@type":"ListItem","position":3,"name":"Ceramic Coating Insulated Coffee Mugs"}]},{"@type":"WebSite","@id":"https:\/\/www.dillerbottle.com\/#website","url":"https:\/\/www.dillerbottle.com\/","name":"Nh\u00e0 s\u1ea3n xu\u1ea5t b\u00ecnh n\u01b0\u1edbc Diller","description":"Nh\u00e0 s\u1ea3n xu\u1ea5t b\u00ecnh n\u01b0\u1edbc","publisher":{"@id":"https:\/\/www.dillerbottle.com\/#organization"},"potentialAction":[{"@type":"SearchAction","target":{"@type":"EntryPoint","urlTemplate":"https:\/\/www.dillerbottle.com\/?s={search_term_string}"},"query-input":{"@type":"PropertyValueSpecification","valueRequired":true,"valueName":"search_term_string"}}],"inLanguage":"vi"},{"@type":"Organization","@id":"https:\/\/www.dillerbottle.com\/#organization","name":"Nh\u00e0 s\u1ea3n xu\u1ea5t b\u00ecnh n\u01b0\u1edbc Diller","url":"https:\/\/www.dillerbottle.com\/","logo":{"@type":"ImageObject","inLanguage":"vi","@id":"https:\/\/www.dillerbottle.com\/#\/schema\/logo\/image\/","url":"https:\/\/www.dillerbottle.com\/wp-content\/uploads\/2024\/09\/49918bfa848dcc1e9f8b509933603ac.png","contentUrl":"https:\/\/www.dillerbottle.com\/wp-content\/uploads\/2024\/09\/49918bfa848dcc1e9f8b509933603ac.png","width":988,"height":198,"caption":"Diller Water Bottle Manufacturer"},"image":{"@id":"https:\/\/www.dillerbottle.com\/#\/schema\/logo\/image\/"}}]}},"_links":{"self":[{"href":"https:\/\/www.dillerbottle.com\/vn\/wp-json\/wp\/v2\/product\/9260","targetHints":{"allow":["GET"]}}],"collection":[{"href":"https:\/\/www.dillerbottle.com\/vn\/wp-json\/wp\/v2\/product"}],"about":[{"href":"https:\/\/www.dillerbottle.com\/vn\/wp-json\/wp\/v2\/types\/product"}],"replies":[{"embeddable":true,"href":"https:\/\/www.dillerbottle.com\/vn\/wp-json\/wp\/v2\/comments?post=9260"}],"wp:featuredmedia":[{"embeddable":true,"href":"https:\/\/www.dillerbottle.com\/vn\/wp-json\/wp\/v2\/media\/9261"}],"wp:attachment":[{"href":"https:\/\/www.dillerbottle.com\/vn\/wp-json\/wp\/v2\/media?parent=9260"}],"wp:term":[{"taxonomy":"product_brand","embeddable":true,"href":"https:\/\/www.dillerbottle.com\/vn\/wp-json\/wp\/v2\/product_brand?post=9260"},{"taxonomy":"product_cat","embeddable":true,"href":"https:\/\/www.dillerbottle.com\/vn\/wp-json\/wp\/v2\/product_cat?post=9260"},{"taxonomy":"product_tag","embeddable":true,"href":"https:\/\/www.dillerbottle.com\/vn\/wp-json\/wp\/v2\/product_tag?post=9260"}],"curies":[{"name":"wp","href":"https:\/\/api.w.org\/{rel}","templated":true}]}}