{"id":9675,"date":"2024-09-29T14:34:44","date_gmt":"2024-09-29T06:34:44","guid":{"rendered":"https:\/\/demo.dillerbottle.com\/products\/wood-grain-lid-insulated-bottle"},"modified":"2025-07-09T15:48:59","modified_gmt":"2025-07-09T07:48:59","slug":"binh-giu-nhiet-nap-van-go","status":"publish","type":"product","link":"https:\/\/www.dillerbottle.com\/vn\/products\/wood-grain-lid-insulated-bottle","title":{"rendered":"B\u00ecnh gi\u1eef nhi\u1ec7t n\u1eafp v\u00e2n g\u1ed7"},"content":{"rendered":"<p>1. B\u00ecnh gi\u1eef nhi\u1ec7t c\u00f3 n\u1eafp v\u00e2n g\u1ed7 \u0111\u01b0\u1ee3c l\u00e0m b\u1eb1ng kim lo\u1ea1i th\u00e9p kh\u00f4ng g\u1ec9 18\/8 (304) b\u1ec1n ch\u1eafc, d\u00f9ng trong th\u1ef1c ph\u1ea9m v\u00e0 v\u1eadt li\u1ec7u b\u1ea3o qu\u1ea3n th\u1ef1c ph\u1ea9m.<\/p>\n<p>2. L\u1edbp c\u00e1ch nhi\u1ec7t ch\u00e2n kh\u00f4ng hai l\u1edbp gi\u1eef cho \u0111\u1ed3 u\u1ed1ng l\u1ea1nh t\u1edbi 12 gi\u1edd ho\u1eb7c n\u00f3ng t\u1edbi 6 gi\u1edd.<\/p>\n<p>3. B\u00ecnh gi\u1eef nhi\u1ec7t c\u00f3 n\u1eafp v\u00e2n g\u1ed7 n\u00e0y c\u00f3 l\u01b0\u1edbi l\u1ecdc b\u1eb1ng th\u00e9p kh\u00f4ng g\u1ec9 304. Cho ph\u00e9p b\u1ea1n pha c\u00e0 ph\u00ea v\u00e0 tr\u00e0.<\/p>\n<p>4. K\u00edch th\u01b0\u1edbc ho\u00e0n h\u1ea3o. Tho\u1ea3i m\u00e1i mang theo b\u00ecnh gi\u1eef nhi\u1ec7t kim lo\u1ea1i n\u00e0y tr\u00ean tay ho\u1eb7c d\u1ec5 d\u00e0ng \u0111\u1ec3 v\u1eeba b\u00ecnh 500ml v\u00e0o gi\u00e1 \u0111\u1ef1ng c\u1ed1c tr\u00ean xe c\u1ee7a b\u1ea1n.<\/p>","protected":false},"excerpt":{"rendered":"<p>B\u00ecnh gi\u1eef nhi\u1ec7t c\u00f3 n\u1eafp v\u00e2n g\u1ed7 n\u00e0y \u0111\u01b0\u1ee3c l\u00e0m t\u1eeb th\u00e9p kh\u00f4ng g\u1ec9 b\u1ec1n v\u00e0 v\u1eadt li\u1ec7u an to\u00e0n th\u1ef1c ph\u1ea9m.<br \/>\nB\u00ecnh n\u01b0\u1edbc n\u00e0y c\u00f3 th\u1ec3 gi\u1eef n\u01b0\u1edbc n\u00f3ng ho\u1eb7c n\u01b0\u1edbc \u0111\u00e1 trong v\u00f2ng 6-12 gi\u1edd.<br \/>\nB\u00ecnh n\u01b0\u1edbc n\u00e0y c\u00f3 d\u1ee5ng c\u1ee5 l\u1ecdc tr\u00e0, gi\u00fap vi\u1ec7c pha tr\u00e0 tr\u1edf n\u00ean ti\u1ec7n l\u1ee3i h\u01a1n.<br \/>\nThi\u1ebft k\u1ebf c\u1ee7a n\u1eafp v\u00e2n g\u1ed7 tr\u00f4ng \u0111\u1eb7c bi\u1ec7t h\u01a1n.<br \/>\nCh\u1ea5p nh\u1eadn OEM v\u00e0 ODM.<br \/>\nCh\u00fang t\u00f4i c\u00f3 th\u1ec3 t\u00f9y ch\u1ec9nh b\u00ecnh gi\u1eef nhi\u1ec7t kim lo\u1ea1i theo y\u00eau c\u1ea7u c\u1ee7a b\u1ea1n.<br \/>\nCh\u00e0o m\u1eebng b\u1ea1n \u0111\u1ebfn mua s\u1ec9, h\u00e3y g\u1eedi y\u00eau c\u1ea7u ngay!<\/p>","protected":false},"featured_media":9676,"comment_status":"open","ping_status":"closed","template":"","meta":{"_acf_changed":false},"product_brand":[],"product_cat":[18],"product_tag":[32,36,33,31,753,39,38,728,29,37,34,35,805,28,842,796,30,841,506],"class_list":{"0":"post-9675","1":"product","2":"type-product","3":"status-publish","4":"has-post-thumbnail","6":"product_cat-insulated-water-bottle","7":"product_tag-best","8":"product_tag-bulk","9":"product_tag-buy","10":"product_tag-custom","11":"product_tag-double-wall-insulated-stainless-steel-water-bottle","12":"product_tag-for-sale","13":"product_tag-good-quality","14":"product_tag-insulated-sport-water-bottles","15":"product_tag-manufacturers","16":"product_tag-manufacturing","17":"product_tag-price","18":"product_tag-small","19":"product_tag-steel-sports-water-bottles-with-bpa-free-lid","20":"product_tag-suppliers","21":"product_tag-water-bottle-new-design","22":"product_tag-water-bottle-transparent","23":"product_tag-wholesale","24":"product_tag-wood-grain-lid-insulated-bottle","25":"product_tag-wooden-water-bottles","27":"first","28":"instock","29":"shipping-taxable","30":"product-type-simple"},"acf":[],"yoast_head":"<!-- This site is optimized with the Yoast SEO Premium plugin v27.5 (Yoast SEO v27.5) - https:\/\/yoast.com\/product\/yoast-seo-premium-wordpress\/ -->\n<title>Wood Grain Lid Insulated Bottle - Diller Water Bottle Manufacturer<\/title>\n<meta name=\"description\" content=\"As one of the best wood grain lid insulated bottle manufacturers and suppliers, we are engaged in manufacturing good quality water bottles. We warmly welcome you to wholesale or buy custom made wood grain lid insulated bottle at competitive price from us. Also, small quantity orders are acceptable.\" \/>\n<meta name=\"robots\" content=\"index, follow, max-snippet:-1, max-image-preview:large, max-video-preview:-1\" \/>\n<link rel=\"canonical\" href=\"https:\/\/www.dillerbottle.com\/vn\/cac-san-pham\/binh-giu-nhiet-nap-van-go\" \/>\n<meta property=\"og:locale\" content=\"vi_VN\" \/>\n<meta property=\"og:type\" content=\"article\" \/>\n<meta property=\"og:title\" content=\"Wood Grain Lid Insulated Bottle\" \/>\n<meta property=\"og:description\" content=\"As one of the best wood grain lid insulated bottle manufacturers and suppliers, we are engaged in manufacturing good quality water bottles. We warmly welcome you to wholesale or buy custom made wood grain lid insulated bottle at competitive price from us. Also, small quantity orders are acceptable.\" \/>\n<meta property=\"og:url\" content=\"https:\/\/www.dillerbottle.com\/vn\/cac-san-pham\/binh-giu-nhiet-nap-van-go\" \/>\n<meta property=\"og:site_name\" content=\"Diller Water Bottle Manufacturer\" \/>\n<meta property=\"article:modified_time\" content=\"2025-07-09T07:48:59+00:00\" \/>\n<meta property=\"og:image\" content=\"https:\/\/www.dillerbottle.com\/wp-content\/uploads\/2024\/09\/wood-grain-lid-insulated-bottle9f1f2058-37de-4d19-a5c0-5a295fcf5048.jpg\" \/>\n\t<meta property=\"og:image:width\" content=\"730\" \/>\n\t<meta property=\"og:image:height\" content=\"730\" \/>\n\t<meta property=\"og:image:type\" content=\"image\/jpeg\" \/>\n<meta name=\"twitter:card\" content=\"summary_large_image\" \/>\n<meta name=\"twitter:label1\" content=\"\u01af\u1edbc t\u00ednh th\u1eddi gian \u0111\u1ecdc\" \/>\n\t<meta name=\"twitter:data1\" content=\"5 ph\u00fat\" \/>\n<script type=\"application\/ld+json\" class=\"yoast-schema-graph\">{\"@context\":\"https:\\\/\\\/schema.org\",\"@graph\":[{\"@type\":\"WebPage\",\"@id\":\"https:\\\/\\\/www.dillerbottle.com\\\/products\\\/wood-grain-lid-insulated-bottle\",\"url\":\"https:\\\/\\\/www.dillerbottle.com\\\/products\\\/wood-grain-lid-insulated-bottle\",\"name\":\"Wood Grain Lid Insulated Bottle - Diller Water Bottle Manufacturer\",\"isPartOf\":{\"@id\":\"https:\\\/\\\/www.dillerbottle.com\\\/#website\"},\"primaryImageOfPage\":{\"@id\":\"https:\\\/\\\/www.dillerbottle.com\\\/products\\\/wood-grain-lid-insulated-bottle#primaryimage\"},\"image\":{\"@id\":\"https:\\\/\\\/www.dillerbottle.com\\\/products\\\/wood-grain-lid-insulated-bottle#primaryimage\"},\"thumbnailUrl\":\"https:\\\/\\\/www.dillerbottle.com\\\/wp-content\\\/uploads\\\/2024\\\/09\\\/wood-grain-lid-insulated-bottle9f1f2058-37de-4d19-a5c0-5a295fcf5048.jpg\",\"datePublished\":\"2024-09-29T06:34:44+00:00\",\"dateModified\":\"2025-07-09T07:48:59+00:00\",\"description\":\"As one of the best wood grain lid insulated bottle manufacturers and suppliers, we are engaged in manufacturing good quality water bottles. We warmly welcome you to wholesale or buy custom made wood grain lid insulated bottle at competitive price from us. Also, small quantity orders are acceptable.\",\"breadcrumb\":{\"@id\":\"https:\\\/\\\/www.dillerbottle.com\\\/products\\\/wood-grain-lid-insulated-bottle#breadcrumb\"},\"inLanguage\":\"vi\",\"potentialAction\":[{\"@type\":\"ReadAction\",\"target\":[\"https:\\\/\\\/www.dillerbottle.com\\\/products\\\/wood-grain-lid-insulated-bottle\"]}]},{\"@type\":\"ImageObject\",\"inLanguage\":\"vi\",\"@id\":\"https:\\\/\\\/www.dillerbottle.com\\\/products\\\/wood-grain-lid-insulated-bottle#primaryimage\",\"url\":\"https:\\\/\\\/www.dillerbottle.com\\\/wp-content\\\/uploads\\\/2024\\\/09\\\/wood-grain-lid-insulated-bottle9f1f2058-37de-4d19-a5c0-5a295fcf5048.jpg\",\"contentUrl\":\"https:\\\/\\\/www.dillerbottle.com\\\/wp-content\\\/uploads\\\/2024\\\/09\\\/wood-grain-lid-insulated-bottle9f1f2058-37de-4d19-a5c0-5a295fcf5048.jpg\",\"width\":730,\"height\":730},{\"@type\":\"BreadcrumbList\",\"@id\":\"https:\\\/\\\/www.dillerbottle.com\\\/products\\\/wood-grain-lid-insulated-bottle#breadcrumb\",\"itemListElement\":[{\"@type\":\"ListItem\",\"position\":1,\"name\":\"Home\",\"item\":\"https:\\\/\\\/www.dillerbottle.com\\\/\"},{\"@type\":\"ListItem\",\"position\":2,\"name\":\"Products\",\"item\":\"https:\\\/\\\/www.dillerbottle.com\\\/shop\"},{\"@type\":\"ListItem\",\"position\":3,\"name\":\"Wood Grain Lid Insulated Bottle\"}]},{\"@type\":\"WebSite\",\"@id\":\"https:\\\/\\\/www.dillerbottle.com\\\/#website\",\"url\":\"https:\\\/\\\/www.dillerbottle.com\\\/\",\"name\":\"Diller Water Bottle Manufacturer\",\"description\":\"Water Bottle Manufacturer\",\"publisher\":{\"@id\":\"https:\\\/\\\/www.dillerbottle.com\\\/#organization\"},\"potentialAction\":[{\"@type\":\"SearchAction\",\"target\":{\"@type\":\"EntryPoint\",\"urlTemplate\":\"https:\\\/\\\/www.dillerbottle.com\\\/?s={search_term_string}\"},\"query-input\":{\"@type\":\"PropertyValueSpecification\",\"valueRequired\":true,\"valueName\":\"search_term_string\"}}],\"inLanguage\":\"vi\"},{\"@type\":\"Organization\",\"@id\":\"https:\\\/\\\/www.dillerbottle.com\\\/#organization\",\"name\":\"Diller Water Bottle Manufacturer\",\"url\":\"https:\\\/\\\/www.dillerbottle.com\\\/\",\"logo\":{\"@type\":\"ImageObject\",\"inLanguage\":\"vi\",\"@id\":\"https:\\\/\\\/www.dillerbottle.com\\\/#\\\/schema\\\/logo\\\/image\\\/\",\"url\":\"https:\\\/\\\/www.dillerbottle.com\\\/wp-content\\\/uploads\\\/2024\\\/09\\\/49918bfa848dcc1e9f8b509933603ac.png\",\"contentUrl\":\"https:\\\/\\\/www.dillerbottle.com\\\/wp-content\\\/uploads\\\/2024\\\/09\\\/49918bfa848dcc1e9f8b509933603ac.png\",\"width\":988,\"height\":198,\"caption\":\"Diller Water Bottle Manufacturer\"},\"image\":{\"@id\":\"https:\\\/\\\/www.dillerbottle.com\\\/#\\\/schema\\\/logo\\\/image\\\/\"}}]}<\/script>\n<!-- \/ Yoast SEO Premium plugin. -->","yoast_head_json":{"title":"B\u00ecnh gi\u1eef nhi\u1ec7t n\u1eafp v\u00e2n g\u1ed7 - Nh\u00e0 s\u1ea3n xu\u1ea5t b\u00ecnh n\u01b0\u1edbc Diller","description":"L\u00e0 m\u1ed9t trong nh\u1eefng nh\u00e0 s\u1ea3n xu\u1ea5t v\u00e0 cung c\u1ea5p b\u00ecnh c\u00e1ch nhi\u1ec7t n\u1eafp v\u00e2n g\u1ed7 t\u1ed1t nh\u1ea5t, ch\u00fang t\u00f4i tham gia s\u1ea3n xu\u1ea5t b\u00ecnh n\u01b0\u1edbc ch\u1ea5t l\u01b0\u1ee3ng t\u1ed1t. Ch\u00fang t\u00f4i n\u1ed3ng nhi\u1ec7t ch\u00e0o \u0111\u00f3n b\u1ea1n \u0111\u1ebfn b\u00e1n bu\u00f4n ho\u1eb7c mua b\u00ecnh c\u00e1ch nhi\u1ec7t n\u1eafp v\u00e2n g\u1ed7 t\u00f9y ch\u1ec9nh v\u1edbi gi\u00e1 c\u1ea1nh tranh t\u1eeb ch\u00fang t\u00f4i. Ngo\u00e0i ra, ch\u00fang t\u00f4i c\u0169ng ch\u1ea5p nh\u1eadn \u0111\u01a1n \u0111\u1eb7t h\u00e0ng s\u1ed1 l\u01b0\u1ee3ng nh\u1ecf.","robots":{"index":"index","follow":"follow","max-snippet":"max-snippet:-1","max-image-preview":"max-image-preview:large","max-video-preview":"max-video-preview:-1"},"canonical":"https:\/\/www.dillerbottle.com\/vn\/cac-san-pham\/binh-giu-nhiet-nap-van-go","og_locale":"vi_VN","og_type":"article","og_title":"Wood Grain Lid Insulated Bottle","og_description":"As one of the best wood grain lid insulated bottle manufacturers and suppliers, we are engaged in manufacturing good quality water bottles. We warmly welcome you to wholesale or buy custom made wood grain lid insulated bottle at competitive price from us. Also, small quantity orders are acceptable.","og_url":"https:\/\/www.dillerbottle.com\/vn\/cac-san-pham\/binh-giu-nhiet-nap-van-go","og_site_name":"Diller Water Bottle Manufacturer","article_modified_time":"2025-07-09T07:48:59+00:00","og_image":[{"width":730,"height":730,"url":"https:\/\/www.dillerbottle.com\/wp-content\/uploads\/2024\/09\/wood-grain-lid-insulated-bottle9f1f2058-37de-4d19-a5c0-5a295fcf5048.jpg","type":"image\/jpeg"}],"twitter_card":"summary_large_image","twitter_misc":{"\u01af\u1edbc t\u00ednh th\u1eddi gian \u0111\u1ecdc":"5 ph\u00fat"},"schema":{"@context":"https:\/\/schema.org","@graph":[{"@type":"WebPage","@id":"https:\/\/www.dillerbottle.com\/products\/wood-grain-lid-insulated-bottle","url":"https:\/\/www.dillerbottle.com\/products\/wood-grain-lid-insulated-bottle","name":"B\u00ecnh gi\u1eef nhi\u1ec7t n\u1eafp v\u00e2n g\u1ed7 - Nh\u00e0 s\u1ea3n xu\u1ea5t b\u00ecnh n\u01b0\u1edbc Diller","isPartOf":{"@id":"https:\/\/www.dillerbottle.com\/#website"},"primaryImageOfPage":{"@id":"https:\/\/www.dillerbottle.com\/products\/wood-grain-lid-insulated-bottle#primaryimage"},"image":{"@id":"https:\/\/www.dillerbottle.com\/products\/wood-grain-lid-insulated-bottle#primaryimage"},"thumbnailUrl":"https:\/\/www.dillerbottle.com\/wp-content\/uploads\/2024\/09\/wood-grain-lid-insulated-bottle9f1f2058-37de-4d19-a5c0-5a295fcf5048.jpg","datePublished":"2024-09-29T06:34:44+00:00","dateModified":"2025-07-09T07:48:59+00:00","description":"L\u00e0 m\u1ed9t trong nh\u1eefng nh\u00e0 s\u1ea3n xu\u1ea5t v\u00e0 cung c\u1ea5p b\u00ecnh c\u00e1ch nhi\u1ec7t n\u1eafp v\u00e2n g\u1ed7 t\u1ed1t nh\u1ea5t, ch\u00fang t\u00f4i tham gia s\u1ea3n xu\u1ea5t b\u00ecnh n\u01b0\u1edbc ch\u1ea5t l\u01b0\u1ee3ng t\u1ed1t. Ch\u00fang t\u00f4i n\u1ed3ng nhi\u1ec7t ch\u00e0o \u0111\u00f3n b\u1ea1n \u0111\u1ebfn b\u00e1n bu\u00f4n ho\u1eb7c mua b\u00ecnh c\u00e1ch nhi\u1ec7t n\u1eafp v\u00e2n g\u1ed7 t\u00f9y ch\u1ec9nh v\u1edbi gi\u00e1 c\u1ea1nh tranh t\u1eeb ch\u00fang t\u00f4i. Ngo\u00e0i ra, ch\u00fang t\u00f4i c\u0169ng ch\u1ea5p nh\u1eadn \u0111\u01a1n \u0111\u1eb7t h\u00e0ng s\u1ed1 l\u01b0\u1ee3ng nh\u1ecf.","breadcrumb":{"@id":"https:\/\/www.dillerbottle.com\/products\/wood-grain-lid-insulated-bottle#breadcrumb"},"inLanguage":"vi","potentialAction":[{"@type":"ReadAction","target":["https:\/\/www.dillerbottle.com\/products\/wood-grain-lid-insulated-bottle"]}]},{"@type":"ImageObject","inLanguage":"vi","@id":"https:\/\/www.dillerbottle.com\/products\/wood-grain-lid-insulated-bottle#primaryimage","url":"https:\/\/www.dillerbottle.com\/wp-content\/uploads\/2024\/09\/wood-grain-lid-insulated-bottle9f1f2058-37de-4d19-a5c0-5a295fcf5048.jpg","contentUrl":"https:\/\/www.dillerbottle.com\/wp-content\/uploads\/2024\/09\/wood-grain-lid-insulated-bottle9f1f2058-37de-4d19-a5c0-5a295fcf5048.jpg","width":730,"height":730},{"@type":"BreadcrumbList","@id":"https:\/\/www.dillerbottle.com\/products\/wood-grain-lid-insulated-bottle#breadcrumb","itemListElement":[{"@type":"ListItem","position":1,"name":"Home","item":"https:\/\/www.dillerbottle.com\/"},{"@type":"ListItem","position":2,"name":"Products","item":"https:\/\/www.dillerbottle.com\/shop"},{"@type":"ListItem","position":3,"name":"Wood Grain Lid Insulated Bottle"}]},{"@type":"WebSite","@id":"https:\/\/www.dillerbottle.com\/#website","url":"https:\/\/www.dillerbottle.com\/","name":"Nh\u00e0 s\u1ea3n xu\u1ea5t b\u00ecnh n\u01b0\u1edbc Diller","description":"Nh\u00e0 s\u1ea3n xu\u1ea5t b\u00ecnh n\u01b0\u1edbc","publisher":{"@id":"https:\/\/www.dillerbottle.com\/#organization"},"potentialAction":[{"@type":"SearchAction","target":{"@type":"EntryPoint","urlTemplate":"https:\/\/www.dillerbottle.com\/?s={search_term_string}"},"query-input":{"@type":"PropertyValueSpecification","valueRequired":true,"valueName":"search_term_string"}}],"inLanguage":"vi"},{"@type":"Organization","@id":"https:\/\/www.dillerbottle.com\/#organization","name":"Nh\u00e0 s\u1ea3n xu\u1ea5t b\u00ecnh n\u01b0\u1edbc Diller","url":"https:\/\/www.dillerbottle.com\/","logo":{"@type":"ImageObject","inLanguage":"vi","@id":"https:\/\/www.dillerbottle.com\/#\/schema\/logo\/image\/","url":"https:\/\/www.dillerbottle.com\/wp-content\/uploads\/2024\/09\/49918bfa848dcc1e9f8b509933603ac.png","contentUrl":"https:\/\/www.dillerbottle.com\/wp-content\/uploads\/2024\/09\/49918bfa848dcc1e9f8b509933603ac.png","width":988,"height":198,"caption":"Diller Water Bottle Manufacturer"},"image":{"@id":"https:\/\/www.dillerbottle.com\/#\/schema\/logo\/image\/"}}]}},"_links":{"self":[{"href":"https:\/\/www.dillerbottle.com\/vn\/wp-json\/wp\/v2\/product\/9675","targetHints":{"allow":["GET"]}}],"collection":[{"href":"https:\/\/www.dillerbottle.com\/vn\/wp-json\/wp\/v2\/product"}],"about":[{"href":"https:\/\/www.dillerbottle.com\/vn\/wp-json\/wp\/v2\/types\/product"}],"replies":[{"embeddable":true,"href":"https:\/\/www.dillerbottle.com\/vn\/wp-json\/wp\/v2\/comments?post=9675"}],"wp:featuredmedia":[{"embeddable":true,"href":"https:\/\/www.dillerbottle.com\/vn\/wp-json\/wp\/v2\/media\/9676"}],"wp:attachment":[{"href":"https:\/\/www.dillerbottle.com\/vn\/wp-json\/wp\/v2\/media?parent=9675"}],"wp:term":[{"taxonomy":"product_brand","embeddable":true,"href":"https:\/\/www.dillerbottle.com\/vn\/wp-json\/wp\/v2\/product_brand?post=9675"},{"taxonomy":"product_cat","embeddable":true,"href":"https:\/\/www.dillerbottle.com\/vn\/wp-json\/wp\/v2\/product_cat?post=9675"},{"taxonomy":"product_tag","embeddable":true,"href":"https:\/\/www.dillerbottle.com\/vn\/wp-json\/wp\/v2\/product_tag?post=9675"}],"curies":[{"name":"wp","href":"https:\/\/api.w.org\/{rel}","templated":true}]}}