{"id":9979,"date":"2024-09-29T14:38:56","date_gmt":"2024-09-29T06:38:56","guid":{"rendered":"https:\/\/demo.dillerbottle.com\/products\/large-capacity-thermal-bottle"},"modified":"2025-07-09T15:47:43","modified_gmt":"2025-07-09T07:47:43","slug":"binh-giu-nhiet-dung-tich-lon","status":"publish","type":"product","link":"https:\/\/www.dillerbottle.com\/vn\/products\/large-capacity-thermal-bottle","title":{"rendered":"B\u00ecnh gi\u1eef nhi\u1ec7t dung t\u00edch l\u1edbn"},"content":{"rendered":"<p>1. Ki\u1ec3m so\u00e1t nhi\u1ec7t \u0111\u1ed9 \u0111\u1eb7c bi\u1ec7t. Gi\u1eef l\u1ea1nh \u0111\u1ebfn 12 gi\u1edd v\u00e0 gi\u1eef n\u00f3ng \u0111\u1ebfn 6 gi\u1edd. L\u1edbp c\u00e1ch nhi\u1ec7t ch\u00e2n kh\u00f4ng hai l\u1edbp, l\u1edbp c\u00e1ch nhi\u1ec7t ch\u1ea5t l\u01b0\u1ee3ng cao gi\u00fap gi\u1eef nhi\u1ec7t \u0111\u1ed9 mong mu\u1ed1n.<\/p>\n<p>2. B\u00ecnh ch\u00e2n kh\u00f4ng b\u1eb1ng kim lo\u1ea1i th\u00e9p kh\u00f4ng g\u1ec9 ch\u1ed1ng g\u1ec9 cao c\u1ea5p 18\/8. Kh\u00f4ng ch\u1ee9a BPA, th\u00e9p c\u1ea5p th\u1ef1c ph\u1ea9m, nh\u1ef1a c\u1ea5p th\u1ef1c ph\u1ea9m v\u00e0 silicone.<\/p>\n<p>3. 100% ch\u1ed1ng r\u00f2 r\u1ec9 v\u00e0 kh\u00f4ng th\u1ea5m m\u1ed3 h\u00f4i. B\u00ecnh gi\u1eef nhi\u1ec7t dung t\u00edch l\u1edbn v\u1edbi mi\u1ec7ng b\u00ecnh r\u1ed9ng, d\u1ec5 d\u00e0ng \u0111\u1ed5 \u0111\u1ea7y v\u00e0 v\u1ec7 sinh. \u0110i k\u00e8m v\u1edbi b\u1ed9 l\u1ecdc l\u01b0\u1edbi th\u00e9p kh\u00f4ng g\u1ec9 d\u00e0i, c\u00f3 th\u1ec3 d\u00f9ng \u0111\u1ec3 pha tr\u00e0 ho\u1eb7c c\u00e0 ph\u00ea.<\/p>\n<p>4. L\u1edbp ph\u1ee7 phun m\u1edd mang l\u1ea1i c\u1ea3m gi\u00e1c tho\u1ea3i m\u00e1i khi ch\u1ea1m v\u00e0o, \u0111\u1ed3ng th\u1eddi c\u0169ng l\u00e0m cho b\u00ecnh b\u1ec1n h\u01a1n, ch\u1ed1ng m\u00e0i m\u00f2n v\u00e0 ch\u1ed1ng tr\u1ea7y x\u01b0\u1edbc.<br \/>\n5. Ch\u00fang t\u00f4i c\u00f3 th\u1ec3 t\u00f9y ch\u1ec9nh logo th\u01b0\u01a1ng hi\u1ec7u c\u1ee7a ri\u00eang b\u1ea1n. In l\u1ee5a, kh\u1eafc laser, logo n\u1ed5i, in chuy\u1ec3n nhi\u1ec7t, in 3D, chuy\u1ec3n nhi\u1ec7t th\u0103ng hoa, v.v.<\/p>","protected":false},"excerpt":{"rendered":"<p>B\u00ecnh gi\u1eef nhi\u1ec7t c\u00f3 dung t\u00edch l\u1edbn n\u00e0y \u0111\u01b0\u1ee3c l\u00e0m t\u1eeb th\u00e9p kh\u00f4ng g\u1ec9 b\u1ec1n ch\u1eafc.<br \/>\nB\u00ecnh n\u01b0\u1edbc gi\u1eef nhi\u1ec7t n\u00e0y c\u00f3 th\u1ec3 gi\u1eef n\u01b0\u1edbc n\u00f3ng ho\u1eb7c n\u01b0\u1edbc \u0111\u00e1 trong v\u00f2ng 6-12 gi\u1edd.<br \/>\nB\u00ecnh n\u01b0\u1edbc n\u00e0y c\u00f3 \u1ed1ng l\u1ecdc tr\u00e0 d\u00e0i, gi\u00fap vi\u1ec7c pha tr\u00e0 tr\u1edf n\u00ean ti\u1ec7n l\u1ee3i h\u01a1n.<br \/>\nD\u00e2y silicon \u1edf th\u00e2n c\u1ed1c gi\u00fap b\u1ea1n d\u1ec5 d\u00e0ng mang theo h\u01a1n.<br \/>\nCh\u1ea5p nh\u1eadn OEM v\u00e0 ODM.<br \/>\nCh\u00fang t\u00f4i c\u00f3 th\u1ec3 t\u00f9y ch\u1ec9nh b\u00ecnh gi\u1eef nhi\u1ec7t kim lo\u1ea1i theo y\u00eau c\u1ea7u c\u1ee7a b\u1ea1n.<br \/>\nCh\u00e0o m\u1eebng b\u1ea1n \u0111\u1ebfn mua s\u1ec9, h\u00e3y g\u1eedi y\u00eau c\u1ea7u ngay!<\/p>","protected":false},"featured_media":9980,"comment_status":"open","ping_status":"closed","template":"","meta":{"_acf_changed":false},"product_brand":[],"product_cat":[18],"product_tag":[32,36,33,507,31,39,38,689,755,854,29,37,34,686,35,556,28,572,30],"class_list":{"0":"post-9979","1":"product","2":"type-product","3":"status-publish","4":"has-post-thumbnail","6":"product_cat-insulated-water-bottle","7":"product_tag-best","8":"product_tag-bulk","9":"product_tag-buy","10":"product_tag-cartoon-water-bottles","11":"product_tag-custom","12":"product_tag-for-sale","13":"product_tag-good-quality","14":"product_tag-infuser-water-bottle-direct-drinking","15":"product_tag-insulated-water-bottles","16":"product_tag-large-capacity-thermal-bottle","17":"product_tag-manufacturers","18":"product_tag-manufacturing","19":"product_tag-price","20":"product_tag-school-water-bottle","21":"product_tag-small","22":"product_tag-smart-water-bottle","23":"product_tag-suppliers","24":"product_tag-water-bottle-for-adult","25":"product_tag-wholesale","27":"first","28":"instock","29":"shipping-taxable","30":"product-type-simple"},"acf":[],"yoast_head":"<!-- This site is optimized with the Yoast SEO Premium plugin v27.4 (Yoast SEO v27.4) - https:\/\/yoast.com\/product\/yoast-seo-premium-wordpress\/ -->\n<title>Large Capacity Thermal Bottle - Diller Water Bottle Manufacturer<\/title>\n<meta name=\"description\" content=\"As one of the best large capacity thermal bottle manufacturers and suppliers, we are engaged in manufacturing good quality water bottles. We warmly welcome you to wholesale or buy custom made large capacity thermal bottle at competitive price from us. Also, small quantity orders are acceptable.\" \/>\n<meta name=\"robots\" content=\"index, follow, max-snippet:-1, max-image-preview:large, max-video-preview:-1\" \/>\n<link rel=\"canonical\" href=\"https:\/\/www.dillerbottle.com\/vn\/cac-san-pham\/binh-giu-nhiet-dung-tich-lon\" \/>\n<meta property=\"og:locale\" content=\"vi_VN\" \/>\n<meta property=\"og:type\" content=\"article\" \/>\n<meta property=\"og:title\" content=\"Large Capacity Thermal Bottle\" \/>\n<meta property=\"og:description\" content=\"As one of the best large capacity thermal bottle manufacturers and suppliers, we are engaged in manufacturing good quality water bottles. We warmly welcome you to wholesale or buy custom made large capacity thermal bottle at competitive price from us. Also, small quantity orders are acceptable.\" \/>\n<meta property=\"og:url\" content=\"https:\/\/www.dillerbottle.com\/vn\/cac-san-pham\/binh-giu-nhiet-dung-tich-lon\" \/>\n<meta property=\"og:site_name\" content=\"Diller Water Bottle Manufacturer\" \/>\n<meta property=\"article:modified_time\" content=\"2025-07-09T07:47:43+00:00\" \/>\n<meta property=\"og:image\" content=\"https:\/\/www.dillerbottle.com\/wp-content\/uploads\/2024\/09\/large-capacity-thermal-bottle21fa6010-0fcc-458e-b9e7-f55d8b495b21.jpg\" \/>\n\t<meta property=\"og:image:width\" content=\"730\" \/>\n\t<meta property=\"og:image:height\" content=\"730\" \/>\n\t<meta property=\"og:image:type\" content=\"image\/jpeg\" \/>\n<meta name=\"twitter:card\" content=\"summary_large_image\" \/>\n<meta name=\"twitter:label1\" content=\"\u01af\u1edbc t\u00ednh th\u1eddi gian \u0111\u1ecdc\" \/>\n\t<meta name=\"twitter:data1\" content=\"6 ph\u00fat\" \/>\n<script type=\"application\/ld+json\" class=\"yoast-schema-graph\">{\"@context\":\"https:\\\/\\\/schema.org\",\"@graph\":[{\"@type\":\"WebPage\",\"@id\":\"https:\\\/\\\/www.dillerbottle.com\\\/products\\\/large-capacity-thermal-bottle\",\"url\":\"https:\\\/\\\/www.dillerbottle.com\\\/products\\\/large-capacity-thermal-bottle\",\"name\":\"Large Capacity Thermal Bottle - Diller Water Bottle Manufacturer\",\"isPartOf\":{\"@id\":\"https:\\\/\\\/www.dillerbottle.com\\\/#website\"},\"primaryImageOfPage\":{\"@id\":\"https:\\\/\\\/www.dillerbottle.com\\\/products\\\/large-capacity-thermal-bottle#primaryimage\"},\"image\":{\"@id\":\"https:\\\/\\\/www.dillerbottle.com\\\/products\\\/large-capacity-thermal-bottle#primaryimage\"},\"thumbnailUrl\":\"https:\\\/\\\/www.dillerbottle.com\\\/wp-content\\\/uploads\\\/2024\\\/09\\\/large-capacity-thermal-bottle21fa6010-0fcc-458e-b9e7-f55d8b495b21.jpg\",\"datePublished\":\"2024-09-29T06:38:56+00:00\",\"dateModified\":\"2025-07-09T07:47:43+00:00\",\"description\":\"As one of the best large capacity thermal bottle manufacturers and suppliers, we are engaged in manufacturing good quality water bottles. We warmly welcome you to wholesale or buy custom made large capacity thermal bottle at competitive price from us. Also, small quantity orders are acceptable.\",\"breadcrumb\":{\"@id\":\"https:\\\/\\\/www.dillerbottle.com\\\/products\\\/large-capacity-thermal-bottle#breadcrumb\"},\"inLanguage\":\"vi\",\"potentialAction\":[{\"@type\":\"ReadAction\",\"target\":[\"https:\\\/\\\/www.dillerbottle.com\\\/products\\\/large-capacity-thermal-bottle\"]}]},{\"@type\":\"ImageObject\",\"inLanguage\":\"vi\",\"@id\":\"https:\\\/\\\/www.dillerbottle.com\\\/products\\\/large-capacity-thermal-bottle#primaryimage\",\"url\":\"https:\\\/\\\/www.dillerbottle.com\\\/wp-content\\\/uploads\\\/2024\\\/09\\\/large-capacity-thermal-bottle21fa6010-0fcc-458e-b9e7-f55d8b495b21.jpg\",\"contentUrl\":\"https:\\\/\\\/www.dillerbottle.com\\\/wp-content\\\/uploads\\\/2024\\\/09\\\/large-capacity-thermal-bottle21fa6010-0fcc-458e-b9e7-f55d8b495b21.jpg\",\"width\":730,\"height\":730},{\"@type\":\"BreadcrumbList\",\"@id\":\"https:\\\/\\\/www.dillerbottle.com\\\/products\\\/large-capacity-thermal-bottle#breadcrumb\",\"itemListElement\":[{\"@type\":\"ListItem\",\"position\":1,\"name\":\"Home\",\"item\":\"https:\\\/\\\/www.dillerbottle.com\\\/\"},{\"@type\":\"ListItem\",\"position\":2,\"name\":\"Products\",\"item\":\"https:\\\/\\\/www.dillerbottle.com\\\/shop\"},{\"@type\":\"ListItem\",\"position\":3,\"name\":\"Large Capacity Thermal Bottle\"}]},{\"@type\":\"WebSite\",\"@id\":\"https:\\\/\\\/www.dillerbottle.com\\\/#website\",\"url\":\"https:\\\/\\\/www.dillerbottle.com\\\/\",\"name\":\"Diller Water Bottle Manufacturer\",\"description\":\"Water Bottle Manufacturer\",\"publisher\":{\"@id\":\"https:\\\/\\\/www.dillerbottle.com\\\/#organization\"},\"potentialAction\":[{\"@type\":\"SearchAction\",\"target\":{\"@type\":\"EntryPoint\",\"urlTemplate\":\"https:\\\/\\\/www.dillerbottle.com\\\/?s={search_term_string}\"},\"query-input\":{\"@type\":\"PropertyValueSpecification\",\"valueRequired\":true,\"valueName\":\"search_term_string\"}}],\"inLanguage\":\"vi\"},{\"@type\":\"Organization\",\"@id\":\"https:\\\/\\\/www.dillerbottle.com\\\/#organization\",\"name\":\"Diller Water Bottle Manufacturer\",\"url\":\"https:\\\/\\\/www.dillerbottle.com\\\/\",\"logo\":{\"@type\":\"ImageObject\",\"inLanguage\":\"vi\",\"@id\":\"https:\\\/\\\/www.dillerbottle.com\\\/#\\\/schema\\\/logo\\\/image\\\/\",\"url\":\"https:\\\/\\\/www.dillerbottle.com\\\/wp-content\\\/uploads\\\/2024\\\/09\\\/49918bfa848dcc1e9f8b509933603ac.png\",\"contentUrl\":\"https:\\\/\\\/www.dillerbottle.com\\\/wp-content\\\/uploads\\\/2024\\\/09\\\/49918bfa848dcc1e9f8b509933603ac.png\",\"width\":988,\"height\":198,\"caption\":\"Diller Water Bottle Manufacturer\"},\"image\":{\"@id\":\"https:\\\/\\\/www.dillerbottle.com\\\/#\\\/schema\\\/logo\\\/image\\\/\"}}]}<\/script>\n<!-- \/ Yoast SEO Premium plugin. -->","yoast_head_json":{"title":"B\u00ecnh gi\u1eef nhi\u1ec7t dung t\u00edch l\u1edbn - Nh\u00e0 s\u1ea3n xu\u1ea5t b\u00ecnh n\u01b0\u1edbc Diller","description":"L\u00e0 m\u1ed9t trong nh\u1eefng nh\u00e0 s\u1ea3n xu\u1ea5t v\u00e0 cung c\u1ea5p b\u00ecnh gi\u1eef nhi\u1ec7t dung t\u00edch l\u1edbn t\u1ed1t nh\u1ea5t, ch\u00fang t\u00f4i tham gia s\u1ea3n xu\u1ea5t b\u00ecnh n\u01b0\u1edbc ch\u1ea5t l\u01b0\u1ee3ng t\u1ed1t. Ch\u00fang t\u00f4i n\u1ed3ng nhi\u1ec7t ch\u00e0o \u0111\u00f3n b\u1ea1n \u0111\u1ebfn b\u00e1n bu\u00f4n ho\u1eb7c mua b\u00ecnh gi\u1eef nhi\u1ec7t dung t\u00edch l\u1edbn t\u00f9y ch\u1ec9nh v\u1edbi gi\u00e1 c\u1ea1nh tranh t\u1eeb ch\u00fang t\u00f4i. Ngo\u00e0i ra, ch\u00fang t\u00f4i c\u0169ng ch\u1ea5p nh\u1eadn \u0111\u01a1n \u0111\u1eb7t h\u00e0ng s\u1ed1 l\u01b0\u1ee3ng nh\u1ecf.","robots":{"index":"index","follow":"follow","max-snippet":"max-snippet:-1","max-image-preview":"max-image-preview:large","max-video-preview":"max-video-preview:-1"},"canonical":"https:\/\/www.dillerbottle.com\/vn\/cac-san-pham\/binh-giu-nhiet-dung-tich-lon","og_locale":"vi_VN","og_type":"article","og_title":"Large Capacity Thermal Bottle","og_description":"As one of the best large capacity thermal bottle manufacturers and suppliers, we are engaged in manufacturing good quality water bottles. We warmly welcome you to wholesale or buy custom made large capacity thermal bottle at competitive price from us. Also, small quantity orders are acceptable.","og_url":"https:\/\/www.dillerbottle.com\/vn\/cac-san-pham\/binh-giu-nhiet-dung-tich-lon","og_site_name":"Diller Water Bottle Manufacturer","article_modified_time":"2025-07-09T07:47:43+00:00","og_image":[{"width":730,"height":730,"url":"https:\/\/www.dillerbottle.com\/wp-content\/uploads\/2024\/09\/large-capacity-thermal-bottle21fa6010-0fcc-458e-b9e7-f55d8b495b21.jpg","type":"image\/jpeg"}],"twitter_card":"summary_large_image","twitter_misc":{"\u01af\u1edbc t\u00ednh th\u1eddi gian \u0111\u1ecdc":"6 ph\u00fat"},"schema":{"@context":"https:\/\/schema.org","@graph":[{"@type":"WebPage","@id":"https:\/\/www.dillerbottle.com\/products\/large-capacity-thermal-bottle","url":"https:\/\/www.dillerbottle.com\/products\/large-capacity-thermal-bottle","name":"B\u00ecnh gi\u1eef nhi\u1ec7t dung t\u00edch l\u1edbn - Nh\u00e0 s\u1ea3n xu\u1ea5t b\u00ecnh n\u01b0\u1edbc Diller","isPartOf":{"@id":"https:\/\/www.dillerbottle.com\/#website"},"primaryImageOfPage":{"@id":"https:\/\/www.dillerbottle.com\/products\/large-capacity-thermal-bottle#primaryimage"},"image":{"@id":"https:\/\/www.dillerbottle.com\/products\/large-capacity-thermal-bottle#primaryimage"},"thumbnailUrl":"https:\/\/www.dillerbottle.com\/wp-content\/uploads\/2024\/09\/large-capacity-thermal-bottle21fa6010-0fcc-458e-b9e7-f55d8b495b21.jpg","datePublished":"2024-09-29T06:38:56+00:00","dateModified":"2025-07-09T07:47:43+00:00","description":"L\u00e0 m\u1ed9t trong nh\u1eefng nh\u00e0 s\u1ea3n xu\u1ea5t v\u00e0 cung c\u1ea5p b\u00ecnh gi\u1eef nhi\u1ec7t dung t\u00edch l\u1edbn t\u1ed1t nh\u1ea5t, ch\u00fang t\u00f4i tham gia s\u1ea3n xu\u1ea5t b\u00ecnh n\u01b0\u1edbc ch\u1ea5t l\u01b0\u1ee3ng t\u1ed1t. Ch\u00fang t\u00f4i n\u1ed3ng nhi\u1ec7t ch\u00e0o \u0111\u00f3n b\u1ea1n \u0111\u1ebfn b\u00e1n bu\u00f4n ho\u1eb7c mua b\u00ecnh gi\u1eef nhi\u1ec7t dung t\u00edch l\u1edbn t\u00f9y ch\u1ec9nh v\u1edbi gi\u00e1 c\u1ea1nh tranh t\u1eeb ch\u00fang t\u00f4i. Ngo\u00e0i ra, ch\u00fang t\u00f4i c\u0169ng ch\u1ea5p nh\u1eadn \u0111\u01a1n \u0111\u1eb7t h\u00e0ng s\u1ed1 l\u01b0\u1ee3ng nh\u1ecf.","breadcrumb":{"@id":"https:\/\/www.dillerbottle.com\/products\/large-capacity-thermal-bottle#breadcrumb"},"inLanguage":"vi","potentialAction":[{"@type":"ReadAction","target":["https:\/\/www.dillerbottle.com\/products\/large-capacity-thermal-bottle"]}]},{"@type":"ImageObject","inLanguage":"vi","@id":"https:\/\/www.dillerbottle.com\/products\/large-capacity-thermal-bottle#primaryimage","url":"https:\/\/www.dillerbottle.com\/wp-content\/uploads\/2024\/09\/large-capacity-thermal-bottle21fa6010-0fcc-458e-b9e7-f55d8b495b21.jpg","contentUrl":"https:\/\/www.dillerbottle.com\/wp-content\/uploads\/2024\/09\/large-capacity-thermal-bottle21fa6010-0fcc-458e-b9e7-f55d8b495b21.jpg","width":730,"height":730},{"@type":"BreadcrumbList","@id":"https:\/\/www.dillerbottle.com\/products\/large-capacity-thermal-bottle#breadcrumb","itemListElement":[{"@type":"ListItem","position":1,"name":"Home","item":"https:\/\/www.dillerbottle.com\/"},{"@type":"ListItem","position":2,"name":"Products","item":"https:\/\/www.dillerbottle.com\/shop"},{"@type":"ListItem","position":3,"name":"Large Capacity Thermal Bottle"}]},{"@type":"WebSite","@id":"https:\/\/www.dillerbottle.com\/#website","url":"https:\/\/www.dillerbottle.com\/","name":"Nh\u00e0 s\u1ea3n xu\u1ea5t b\u00ecnh n\u01b0\u1edbc Diller","description":"Nh\u00e0 s\u1ea3n xu\u1ea5t b\u00ecnh n\u01b0\u1edbc","publisher":{"@id":"https:\/\/www.dillerbottle.com\/#organization"},"potentialAction":[{"@type":"SearchAction","target":{"@type":"EntryPoint","urlTemplate":"https:\/\/www.dillerbottle.com\/?s={search_term_string}"},"query-input":{"@type":"PropertyValueSpecification","valueRequired":true,"valueName":"search_term_string"}}],"inLanguage":"vi"},{"@type":"Organization","@id":"https:\/\/www.dillerbottle.com\/#organization","name":"Nh\u00e0 s\u1ea3n xu\u1ea5t b\u00ecnh n\u01b0\u1edbc Diller","url":"https:\/\/www.dillerbottle.com\/","logo":{"@type":"ImageObject","inLanguage":"vi","@id":"https:\/\/www.dillerbottle.com\/#\/schema\/logo\/image\/","url":"https:\/\/www.dillerbottle.com\/wp-content\/uploads\/2024\/09\/49918bfa848dcc1e9f8b509933603ac.png","contentUrl":"https:\/\/www.dillerbottle.com\/wp-content\/uploads\/2024\/09\/49918bfa848dcc1e9f8b509933603ac.png","width":988,"height":198,"caption":"Diller Water Bottle Manufacturer"},"image":{"@id":"https:\/\/www.dillerbottle.com\/#\/schema\/logo\/image\/"}}]}},"_links":{"self":[{"href":"https:\/\/www.dillerbottle.com\/vn\/wp-json\/wp\/v2\/product\/9979","targetHints":{"allow":["GET"]}}],"collection":[{"href":"https:\/\/www.dillerbottle.com\/vn\/wp-json\/wp\/v2\/product"}],"about":[{"href":"https:\/\/www.dillerbottle.com\/vn\/wp-json\/wp\/v2\/types\/product"}],"replies":[{"embeddable":true,"href":"https:\/\/www.dillerbottle.com\/vn\/wp-json\/wp\/v2\/comments?post=9979"}],"wp:featuredmedia":[{"embeddable":true,"href":"https:\/\/www.dillerbottle.com\/vn\/wp-json\/wp\/v2\/media\/9980"}],"wp:attachment":[{"href":"https:\/\/www.dillerbottle.com\/vn\/wp-json\/wp\/v2\/media?parent=9979"}],"wp:term":[{"taxonomy":"product_brand","embeddable":true,"href":"https:\/\/www.dillerbottle.com\/vn\/wp-json\/wp\/v2\/product_brand?post=9979"},{"taxonomy":"product_cat","embeddable":true,"href":"https:\/\/www.dillerbottle.com\/vn\/wp-json\/wp\/v2\/product_cat?post=9979"},{"taxonomy":"product_tag","embeddable":true,"href":"https:\/\/www.dillerbottle.com\/vn\/wp-json\/wp\/v2\/product_tag?post=9979"}],"curies":[{"name":"wp","href":"https:\/\/api.w.org\/{rel}","templated":true}]}}